{"id":4151,"date":"2025-09-11T08:47:20","date_gmt":"2025-09-11T08:47:20","guid":{"rendered":"https:\/\/www.sweethome3d.com\/datenschutzerklaerung\/"},"modified":"2025-12-03T15:43:07","modified_gmt":"2025-12-03T15:43:07","slug":"datenschutzerklaerung","status":"publish","type":"page","link":"https:\/\/www.sweethome3d.com\/de\/datenschutzerklaerung\/","title":{"rendered":"Datenschutzerkl\u00e4rung"},"content":{"rendered":"\n<p>Space Mushrooms, der Eigent\u00fcmer der <a href=\"https:\/\/www.sweethome3d.com\/de\/\">Sweet Home 3D<\/a> Software und des Urheberrechts sowie der <code>sweethome3d.com<\/code> Webseite, sammelt keine privaten Daten auf der <code>sweethome3d.com<\/code> Webseite, au\u00dfer von Benutzern, die im <a href=\"\/support\/forum\/registermember\" target=\"_blank\" rel=\"noreferrer noopener\">registriert<\/a> <a href=\"\/support\/forum\/?lang=en\" target=\"_blank\" rel=\"noreferrer noopener\">Forum<\/a> sind. Server-Verkehrsprotokolle sind nicht \u00f6ffentlich und <code>sweethome3d.com<\/code> zeigt keine Werbung an.<br\/>Dennoch zeigen die meisten auf der <code>sweethome3d.com<\/code> Webseite ver\u00f6ffentlichten Seiten das Sourceforge-Logo, einige Seiten zeigen Videos, die anderswo gehostet werden, und das Forum erm\u00f6glicht es Benutzern, Bilder zu teilen, die auf anderen Webseiten gehostet werden. Diese Bilder und Videos stammen von <code>sourceforge.net<\/code>, <code>youtube.com<\/code>, <code>dailymotion.com<\/code> und anderen Webservern, wodurch die Eigent\u00fcmer dieser Webseiten m\u00f6glicherweise die M\u00f6glichkeit haben, die Besuche der Benutzer auf der <code>sweethome3d.com<\/code> Webseite nach eigenem Ermessen zu verfolgen.  <\/p>\n\n<p>F\u00fcr registrierte Benutzer bestehen die auf <code>sweethome3d.com<\/code> gespeicherten Daten aus:<\/p>\n\n<ul class=\"wp-block-list pl-16\">\n<li>die bei der Registrierung angegebenen Informationen (mindestens ein Login, ein verschl\u00fcsseltes Passwort und eine E-Mail-Adresse)<\/li>\n\n\n\n<li>ihre im <a href=\"\/support\/forum\/?lang=en\" target=\"_blank\" rel=\"noreferrer noopener\">Forum<\/a> ver\u00f6ffentlichten Nachrichten<\/li>\n\n\n\n<li>die von ihnen in <a href=\"\/online-manager\/\">Sweet Home 3D Online<\/a> erstellten oder im <a href=\"\/exported-homes-manager\/\">Exported homes manager<\/a> exportierten Online-H\u00e4user.<\/li>\n<\/ul>\n\n<p>Hausdaten sind privat, es sei denn, der Benutzer stimmt ausdr\u00fccklich zu, sie \u00f6ffentlich zu teilen. Jeder Benutzer kann seine eigenen Daten selbst abrufen oder bei Bedarf deren Entfernung beantragen, indem er an <g id=\"gid_0\">info@sweethome3d.com<\/g> schreibt. Space Mushrooms garantiert, dass alle notwendigen Ma\u00dfnahmen ergriffen werden, um sicherzustellen, dass die Hausdaten der Benutzer, die unter der fr\u00fcheren Webseite von eTeks verwaltet wurden, niemals ohne Information der Benutzer f\u00fcr irgendeinen Zweck verwendet werden.  <\/p>\n\n<p><strong>Apps, die \u00fcber Drittanbieter-Stores vertrieben werden<\/strong><br\/>Die Informationen \u00fcber Benutzer, die Sweet Home 3D oder Sweet Home 3D Mobile aus dem Mac App Store, App Store, Microsoft Store, Google Play oder Amazon <a href=\"https:\/\/www.sweethome3d.com\/de\/download\/\">herunterladen<\/a> und installieren, werden haupts\u00e4chlich von diesen Unternehmen verwaltet. Space Mushrooms erh\u00e4lt keine personenbezogenen Daten \u00fcber Benutzer von diesen Plattformen. <\/p>\n\n<p><strong>Analyse und Tracking in Apps<\/strong><br\/>Unsere iOS- und macOS-Versionen von Sweet Home 3D enthalten Firebase Analytics zur Verbesserung der App. Firebase Analytics sammelt Daten wie anonyme App-Nutzungsstatistiken und Absturzberichte. Diese Daten sind nicht mit deiner Identit\u00e4t verkn\u00fcpft und werden ausschlie\u00dflich zur Verbesserung der App-Funktionalit\u00e4t und des Benutzererlebnisses verwendet. Es werden keine pers\u00f6nlichen Daten, wie Namen oder E-Mails, von uns \u00fcber Firebase gesammelt.   <\/p>\n\n<p>Siehe auch <a href=\"https:\/\/www.sweethome3d.com\/de\/impressum\/\" data-type=\"page\" data-id=\"465\">Impressum<\/a> f\u00fcr weitere Informationen \u00fcber Space Mushrooms und Sweet Home 3D.<\/p>\n","protected":false},"excerpt":{"rendered":"<p>Space Mushrooms, der Eigent\u00fcmer der Sweet Home 3D Software und des Urheberrechts sowie der sweethome3d.com Webseite, sammelt keine privaten Daten auf der sweethome3d.com Webseite, au\u00dfer von Benutzern, die im registriert Forum sind. Server-Verkehrsprotokolle sind nicht \u00f6ffentlich und sweethome3d.com zeigt keine Werbung an.Dennoch zeigen die meisten auf der sweethome3d.com Webseite ver\u00f6ffentlichten Seiten das Sourceforge-Logo, einige Seiten<a href=\"https:\/\/www.sweethome3d.com\/de\/datenschutzerklaerung\/\">Continue reading <span class=\"sr-only\">&#8222;Datenschutzerkl\u00e4rung&#8220;<\/span><\/a><\/p>\n","protected":false},"author":4,"featured_media":4150,"parent":0,"menu_order":0,"comment_status":"closed","ping_status":"open","template":"page-resources.php","meta":{"inline_featured_image":false,"footnotes":""},"class_list":["post-4151","page","type-page","status-publish","has-post-thumbnail","hentry"],"_links":{"self":[{"href":"https:\/\/www.sweethome3d.com\/de\/wp-json\/wp\/v2\/pages\/4151","targetHints":{"allow":["GET"]}}],"collection":[{"href":"https:\/\/www.sweethome3d.com\/de\/wp-json\/wp\/v2\/pages"}],"about":[{"href":"https:\/\/www.sweethome3d.com\/de\/wp-json\/wp\/v2\/types\/page"}],"author":[{"embeddable":true,"href":"https:\/\/www.sweethome3d.com\/de\/wp-json\/wp\/v2\/users\/4"}],"replies":[{"embeddable":true,"href":"https:\/\/www.sweethome3d.com\/de\/wp-json\/wp\/v2\/comments?post=4151"}],"version-history":[{"count":1,"href":"https:\/\/www.sweethome3d.com\/de\/wp-json\/wp\/v2\/pages\/4151\/revisions"}],"predecessor-version":[{"id":4152,"href":"https:\/\/www.sweethome3d.com\/de\/wp-json\/wp\/v2\/pages\/4151\/revisions\/4152"}],"wp:featuredmedia":[{"embeddable":true,"href":"https:\/\/www.sweethome3d.com\/de\/wp-json\/wp\/v2\/media\/4150"}],"wp:attachment":[{"href":"https:\/\/www.sweethome3d.com\/de\/wp-json\/wp\/v2\/media?parent=4151"}],"curies":[{"name":"wp","href":"https:\/\/api.w.org\/{rel}","templated":true}]}}