{"id":4060,"date":"2025-09-18T11:56:35","date_gmt":"2025-09-18T11:56:35","guid":{"rendered":"https:\/\/www.sweethome3d.com\/plugins-und-werkzeuge\/"},"modified":"2026-02-10T14:13:52","modified_gmt":"2026-02-10T14:13:52","slug":"plugins-und-werkzeuge","status":"publish","type":"page","link":"https:\/\/www.sweethome3d.com\/de\/plugins-und-werkzeuge\/","title":{"rendered":"Plugins und Werkzeuge"},"content":{"rendered":"\n<h2 class=\"wp-block-heading\" id=\"plug-ins\" style=\"font-style:normal;font-weight:600\">Plugins<\/h2>\n\n<p>Die folgende Tabelle listet die interessantesten Plug-ins auf, die von Space Mushrooms oder von den Entwicklern bereitgestellt werden, die sie im <a href=\"https:\/\/sourceforge.net\/p\/sweethome3d\/plug-ins\" target=\"_blank\" rel=\"noopener\">Plug-ins Contributions<\/a> Tracking System vorgeschlagen haben. Ein Plug-in bietet zus\u00e4tzliche <a href=\"https:\/\/www.sweethome3d.com\/de\/sweet-home-3d-funktionen\/\" data-type=\"link\" data-id=\"https:\/\/www.sweethome3d.com\/features\/\">Funktionen<\/a> in <a href=\"https:\/\/www.sweethome3d.com\/de\/download\/\" data-type=\"page\" data-id=\"396\">Sweet Home 3D<\/a> und kann durch einen Doppelklick auf seine SH3P-Datei installiert werden. Wenn es unter Linux nicht funktioniert, installieren Sie es mit dem <em>Terminal<\/em>-Befehl <code><em>path<\/em>\/<em>to<\/em>\/<strong>SweetHome3D<\/strong> <em>path<\/em>\/<em>to<\/em>\/<em>plugin.sh3p<\/em><\/code> oder kopieren Sie die SH3P-Datei in den Unterordner <code>.eteks\/sweethome3d\/plugins<\/code> Ihres Benutzerordners.<\/p>\n\n<figure class=\"wp-block-flexible-table-block-table alignwide is-content-justification-center is-style-default table-plugins table-overflow-x\"><table class=\"has-fixed-layout\" style=\"border-collapse:collapse;border-color:#F0F0F0\"><thead><tr><th style=\"text-align:center\">Plugin<\/th><th style=\"text-align:center\">Anbieter<\/th><th style=\"text-align:center\">Unterst\u00fctzung f\u00fcr R\u00fcckg\u00e4ngig\/Wiederherstellen<\/th><th style=\"text-align:center\">Unterst\u00fctzt in Java Web Start<\/th><th style=\"text-align:center;width:500px\">Beschreibung<\/th><\/tr><\/thead><tbody><tr><td style=\"text-align:left\"><a href=\"\/storage\/plugins\/CopyAsNewFurniturePlugin-1.3.1.sh3p\">CopyAsNewFurniturePlugin-1.3.1.sh3p<\/a><br>(29 kB &#8211; Quellcode enthalten)<\/td><td style=\"text-align:center\">Space Mushrooms<\/td><td style=\"text-align:center\">N\/A<\/td><td style=\"text-align:center\">Nein<\/td><td>F\u00fcgt den Men\u00fcpunkt <em>Werkzeuge &gt; Als neues M\u00f6belst\u00fcck kopieren<\/em> hinzu, der die ausgew\u00e4hlten Objekte im Plan als neues M\u00f6belst\u00fcck in die Zwischenablage kopiert (<a href=\"https:\/\/www.sweethome3d.com\/support\/forum\/viewthread_thread,1331_offset,11\">mehr erfahren<\/a>)<\/td><\/tr><tr><td><a href=\"\/storage\/plugins\/ShapeGenerator-1.2.1.sh3p\">ShapeGenerator-1.2.1.sh3p<\/a><br>(53 kB &#8211; Quellcode enthalten)<\/td><td style=\"text-align:center\">Space Mushrooms<\/td><td style=\"text-align:center\">Ja<\/td><td style=\"text-align:center\">Nein<\/td><td>F\u00fcgt den Men\u00fcpunkt <em>Werkzeuge &gt; 3D-Form generieren<\/em> hinzu, der eine 3D-Form aus den vom Benutzer eingegebenen Koordinaten von 8 Eckpunkten erstellt (<a href=\"https:\/\/www.sweethome3d.com\/support\/forum\/viewthread_thread,6600\">mehr erfahren<\/a>)<\/td><\/tr><tr><td><a href=\"\/storage\/plugins\/StaircaseGenerator-1.0.1.sh3p\">StaircaseGenerator-1.0.1.sh3p<\/a><br>(150 kB &#8211; Quellcode enthalten)<\/td><td style=\"text-align:center\">Space Mushrooms<br><br><\/td><td style=\"text-align:center\">Ja<\/td><td style=\"text-align:center\">Nein<\/td><td>F\u00fcgt den Men\u00fcpunkt <em>Werkzeuge &gt; Treppe generieren<\/em> hinzu, der die 3D-Form einer Treppe aus der Anzahl der Stufen und deren Gr\u00f6\u00dfe erstellt (<a href=\"https:\/\/www.sweethome3d.com\/support\/forum\/viewthread_thread,12160\">mehr erfahren<\/a>)<\/td><\/tr><tr><td><a href=\"\/storage\/plugins\/TerrainGenerator-1.2.2.sh3p\">TerrainGenerator-1.2.2.sh3p<\/a><br>(111 kB &#8211; Quellcode enthalten)<\/td><td style=\"text-align:center\">Space Mushrooms<\/td><td style=\"text-align:center\">Ja<\/td><td style=\"text-align:center\">Nein<\/td><td>F\u00fcgt den Men\u00fcpunkt <em>Werkzeuge &gt; 3D-Gel\u00e4nde aus R\u00e4umen generieren<\/em> hinzu, der eine 3D-Form aus der vom Benutzer verformten Oberfl\u00e4che der ausgew\u00e4hlten R\u00e4ume erstellt (<a href=\"https:\/\/www.sweethome3d.com\/support\/forum\/viewthread_thread,10995\">mehr erfahren<\/a>)<\/td><\/tr><tr><td><a href=\"\/storage\/plugins\/SideView-1.1.1.sh3p\">SideView-1.1.1.sh3p<\/a><br>(44 kB &#8211; Quellcode enthalten)<\/td><td style=\"text-align:center\">Space Mushrooms<\/td><td style=\"text-align:center\">N\/A<\/td><td style=\"text-align:center\">Nein<\/td><td>F\u00fcgt den Men\u00fcpunkt <em>Werkzeuge &gt; Seitenansicht anzeigen<\/em> hinzu, der eine Seitenansicht des bearbeiteten Hauses anzeigt und die M\u00f6glichkeit bietet, diese zu speichern (<a href=\"https:\/\/www.sweethome3d.com\/support\/forum\/viewthread_thread,11011\">mehr erfahren<\/a>)<\/td><\/tr><tr><td><a href=\"\/storage\/plugins\/ExportPlanImage-1.0.3.sh3p\">ExportPlanImage-1.0.3.sh3p<\/a><br>(29 kB &#8211; Quellcode enthalten)<\/td><td style=\"text-align:center\">Space Mushrooms<\/td><td style=\"text-align:center\">N\/A<\/td><td style=\"text-align:center\">Nein<\/td><td>F\u00fcgt den Men\u00fcpunkt <em>M\u00f6bel &gt; Plan als Bild exportieren<\/em> hinzu, der ein Bild des Plans im PNG- oder JPEG-Format in der von dir gew\u00e4hlten Gr\u00f6\u00dfe exportiert<\/td><\/tr><tr><td><a href=\"\/storage\/plugins\/ExportToSH3F-1.1.1.sh3p\">ExportToSH3F-1.1.1.sh3p<\/a><br>(32 kB &#8211; Quellcode enthalten)<\/td><td style=\"text-align:center\">Space Mushrooms<\/td><td style=\"text-align:center\">N\/A<\/td><td style=\"text-align:center\">Nein<\/td><td>F\u00fcgt den Men\u00fcpunkt <em>M\u00f6bel &gt; Importierte M\u00f6bel nach SH3F exportieren<\/em> hinzu, der alle in den Sweet Home 3D-Katalog importierten M\u00f6bel in eine SH3F-Datei exportiert (<a href=\"https:\/\/www.sweethome3d.com\/support\/forum\/viewthread_thread,966_offset,5\">mehr erfahren<\/a>)<\/td><\/tr><tr><td><a href=\"\/storage\/plugins\/ExportToSH3T-1.1.1.sh3p\">ExportToSH3T-1.1.1.sh3p<\/a><br>(30 kB &#8211; Quellcode enthalten)<\/td><td style=\"text-align:center\">Space Mushrooms<\/td><td style=\"text-align:center\">N\/A<\/td><td style=\"text-align:center\">Nein<\/td><td>F\u00fcgt den Men\u00fcpunkt <em>M\u00f6bel &gt; Importierte Texturen nach SH3T exportieren<\/em> hinzu, der alle in den Sweet Home 3D-Katalog importierten Texturen in eine SH3T-Datei exportiert (<a href=\"https:\/\/www.sweethome3d.com\/support\/forum\/viewthread_thread,12391\">mehr erfahren<\/a>)<\/td><\/tr><tr><td><a href=\"\/storage\/plugins\/ExportToHTML5-1.9.1.sh3p\">ExportToHTML5-1.9.1.sh3p<\/a><br>(391 kB &#8211; Quellcode enthalten)<\/td><td style=\"text-align:center\">Space Mushrooms<\/td><td style=\"text-align:center\">N\/A<\/td><td style=\"text-align:center\">Nein<\/td><td>F\u00fcgt den&nbsp;<em>Werkzeuge &gt; Export nach HTML5<\/em> Men\u00fcpunkt, der die 3D-Ansicht des bearbeiteten Hauses in eine HTML5-Seite exportiert, die in jedem WebGL-Browser angezeigt werden kann (<a href=\"https:\/\/www.sweethome3d.com\/support\/forum\/viewthread_thread,6708\">mehr dazu<\/a>). Dieses Werkzeug ist auch \u00fcber die&nbsp;<a href=\"https:\/\/www.sweethome3d.com\/exportHomes.jsp\">Exportierte H\u00e4user-Manager<\/a>, mit dem du SH3D-Dateien auf dem sweethome3d.com Webserver exportieren und hosten kannst.<\/td><\/tr><tr><td><a href=\"\/storage\/plugins\/UpdateRoadLinesPlugin-1.0.1.sh3p\">UpdateRoadLinesPlugin-1.0.1.sh3p<\/a><br>(70 kB &#8211; Quellcode enthalten)<\/td><td style=\"text-align:center\">Space Mushrooms<\/td><td style=\"text-align:center\">Ja<\/td><td style=\"text-align:center\">Ja<\/td><td>F\u00fcgt den Men\u00fcpunkt <em>Werkzeuge &gt; Stra\u00dfenlinien-Stil \u00e4ndern<\/em> hinzu, mit dem der Benutzer einen <a href=\"https:\/\/fr.wikipedia.org\/wiki\/Signalisation_routi%C3%A8re_horizontale_en_France\" target=\"_blank\" rel=\"noopener\">franz\u00f6sischen Stra\u00dfenlinien-Stil<\/a> f\u00fcr die ausgew\u00e4hlten Polylinien und deren Farbe ausw\u00e4hlen kann (<a href=\"https:\/\/www.sweethome3d.com\/blog\/2018\/12\/10\/customization_for_the_forensic_police.html\">mehr erfahren<\/a>)<\/td><\/tr><tr><td><a href=\"\/storage\/plugins\/EvidenceMarkerGenerator-1.1.1.sh3p\">EvidenceMarkerGenerator-1.1.1.sh3p<\/a><br>(38 kB &#8211; Quellcode enthalten)<\/td><td style=\"text-align:center\">Space Mushrooms<\/td><td style=\"text-align:center\">Ja<\/td><td style=\"text-align:center\">Nein<\/td><td>F\u00fcgt den Men\u00fcpunkt <em>Werkzeuge &gt; Beweismarker hinzuf\u00fcgen<\/em> hinzu, der einen nummerierten Beweismarker auf dem im Plan ausgew\u00e4hlten Element generieren kann (<a href=\"https:\/\/www.sweethome3d.com\/blog\/2018\/12\/10\/customization_for_the_forensic_police.html\">mehr erfahren<\/a>)<\/td><\/tr><tr><td><a href=\"https:\/\/sourceforge.net\/p\/sweethome3d\/plug-ins\/_discuss\/thread\/5e6557c2\/fef8\/attachment\/AdvancedEditing.sh3p\" target=\"_blank\" rel=\"noopener\">AdvancedEditing.sh3p<\/a><br>(135 kB &#8211; <a href=\"https:\/\/sourceforge.net\/p\/sweethome3d\/plug-ins\/_discuss\/thread\/5e6557c2\/fef8\/attachment\/AdvancedEditingPlugin-src.zip\" target=\"_blank\" rel=\"noopener\">Quellcode<\/a>)<\/td><td style=\"text-align:center\">Tobias Liefke<\/td><td style=\"text-align:center\">Ja<\/td><td style=\"text-align:center\">Ja<\/td><td>F\u00fcgt die Men\u00fcpunkte hinzu&nbsp;<em>Bearbeiten &gt; Drehen<\/em>,&nbsp;<em>Bearbeiten &gt; Verschieben<\/em>,&nbsp;<em>Bearbeiten &gt; Spiegeln<\/em>,&nbsp;<em>Bearbeiten &gt; Gr\u00f6\u00dfe \u00e4ndern, M\u00f6bel &gt; Anheben<\/em>,&nbsp;<em>Plan &gt; Raumpunkte bearbeiten<\/em>,&nbsp;<em>Plan &gt; W\u00e4nde verbinden<\/em>, die es erm\u00f6glichen, die ausgew\u00e4hlten Objekte im Plan zu \u00e4ndern (<a href=\"https:\/\/www.sweethome3d.com\/support\/forum\/viewthread_thread,1757\">mehr erfahren<\/a>)<\/td><\/tr><tr><td><a href=\"https:\/\/sourceforge.net\/p\/sweethome3d\/plug-ins\/_discuss\/thread\/34cdde5620\/4c8d\/attachment\/Multiplier-2.2.sh3p\" target=\"_blank\" rel=\"noopener\">Multiplier-2.2.sh3p<\/a><br>(176 kB &#8211; Quellcode enthalten)<\/td><td style=\"text-align:center\">Dorin Vatavu<\/td><td style=\"text-align:center\">Ja<\/td><td style=\"text-align:center\">Ja<\/td><td>F\u00fcgt den Men\u00fcpunkt <em>Werkzeuge &gt; Multiplizieren<\/em> hinzu, der es erm\u00f6glicht, die ausgew\u00e4hlten Objekte im Plan zu multiplizieren und zu verschieben (<a href=\"https:\/\/www.sweethome3d.com\/support\/forum\/viewthread_thread,10554\">mehr erfahren<\/a>)<\/td><\/tr><tr><td><a href=\"https:\/\/sourceforge.net\/p\/sweethome3d\/plug-ins\/_discuss\/thread\/015d788700\/98fc\/attachment\/AutoDimensioning.sh3p\" target=\"_blank\" rel=\"noopener\">AutoDimensioning.sh3p<\/a><br>(44 kB &#8211; Quellcode enthalten)<\/td><td style=\"text-align:center\">Dorin Vatavu<\/td><td style=\"text-align:center\">Ja<\/td><td style=\"text-align:center\">Ja<\/td><td>F\u00fcgt den Men\u00fcpunkt <em>Werkzeuge &gt; Automatische Bema\u00dfung<\/em> hinzu, der es erm\u00f6glicht, Bema\u00dfungslinien f\u00fcr den gesamten Plan zu generieren (<a href=\"https:\/\/www.sweethome3d.com\/support\/forum\/viewthread_thread,10955\">mehr erfahren<\/a>)<\/td><\/tr><tr><td><a href=\"https:\/\/sourceforge.net\/p\/sweethome3d\/plug-ins\/_discuss\/thread\/914cc4be82\/b551\/attachment\/GenerateRoof-4.5.sh3p\" target=\"_blank\" rel=\"noopener\">GenerateRoof-4.5.sh3p<\/a><br>(690 kB &#8211; Quellcode enthalten)<\/td><td style=\"text-align:center\">Dorin Vatavu<br><br><\/td><td style=\"text-align:center\">N\/A<\/td><td style=\"text-align:center\">Nein<\/td><td>F\u00fcgt den Men\u00fcpunkt <em>Werkzeuge &gt; Dach generieren<\/em> hinzu, der es erm\u00f6glicht, ein Dach mit verschiedenen Neigungswinkeln aus der Form des ausgew\u00e4hlten Raumes zu generieren (<a href=\"https:\/\/www.sweethome3d.com\/support\/forum\/viewthread_thread%2C11330\">mehr erfahren<\/a>)<\/td><\/tr><tr><td><a href=\"https:\/\/sourceforge.net\/p\/sweethome3d\/plug-ins\/_discuss\/thread\/182d97c5\/ad56\/attachment\/AdvancedSettingsPhotoRendering-1.4.1.sh3p\" target=\"_blank\" rel=\"noopener\">AdvancedSettings<br>PhotoRendering-1.4.1.sh3p<\/a><br>(52 kB &#8211; Quellcode enthalten)<\/td><td style=\"text-align:center\">Enko Nyito<\/td><td style=\"text-align:center\">N\/A<\/td><td style=\"text-align:center\">Nein<\/td><td>F\u00fcgt den Men\u00fcpunkt <em>Werkzeuge &gt; Erweiterte Einstellungen f\u00fcr Fotorendering<\/em> hinzu, der es erm\u00f6glicht, einige <a href=\"https:\/\/sourceforge.net\/p\/sweethome3d\/code\/HEAD\/tree\/trunk\/SweetHome3D\/src\/com\/eteks\/sweethome3d\/j3d\/PhotoRenderer.properties\" target=\"_blank\" rel=\"noopener\">erweiterte Eigenschaften<\/a> zu \u00e4ndern, die von Fotorenderern auf den beiden besten Qualit\u00e4tsstufen verwendet werden (<a href=\"https:\/\/www.sweethome3d.com\/support\/forum\/viewthread_thread,6122_offset,20\">mehr erfahren<\/a>)<\/td><\/tr><tr><td><a href=\"https:\/\/sourceforge.net\/p\/sweethome3d\/plug-ins\/_discuss\/thread\/40b57f75\/5282\/attachment\/PhotoVideoRendering-2.8.zip\" target=\"_blank\" rel=\"noopener\">PhotoVideoRendering-2.8.zip<\/a><br>(15 MB &#8211; SH3P-Datei + Quellcode enthalten)<\/td><td style=\"text-align:center\">Enko Nyito<\/td><td style=\"text-align:center\">N\/A<\/td><td style=\"text-align:center\">Nein<\/td><td>F\u00fcgt das Men\u00fc <em>Foto-Video-Rendering<\/em> hinzu, mit Men\u00fcpunkten zum Rendern von Fotos und Videos mit zus\u00e4tzlichen Einstellungen (<a href=\"https:\/\/sourceforge.net\/p\/sweethome3d\/plug-ins\/18\/\" target=\"_blank\" rel=\"noopener\">mehr erfahren<\/a>)<\/td><\/tr><\/tbody><\/table><\/figure>\n\n<p>Um ein Plugin zu deinstallieren, entferne seine SH3P-Datei aus dem Plugin-Ordner von <a href=\"https:\/\/www.sweethome3d.com\/de\/download\/\" data-type=\"page\" data-id=\"396\">Sweet Home 3D<\/a> und starte die Anwendung neu. Dieser Ordner wird angezeigt, wenn du auf eine beliebige SH3P-Datei klickst, die im Abschnitt <em>Plugins<\/em> des Bereichs <em>Verwendete Bibliotheken<\/em> aufgef\u00fchrt ist. Letzterer Bereich wird angezeigt, indem du auf die Schaltfl\u00e4che <em>Bibliotheken&#8230;<\/em> klickst, die unten im <em>\u00dcber<\/em>-Dialogfeld von <a href=\"https:\/\/www.sweethome3d.com\/de\/\">Sweet Home 3D<\/a> angezeigt wird. Wenn du selbst Plugins programmieren m\u00f6chtest, lies den <a href=\"https:\/\/www.sweethome3d.com\/de\/anleitung-fuer-plug-in-entwickler\/\" data-type=\"page\" data-id=\"4964\">Plugin-Entwickler-Leitfaden<\/a>.   <\/p>\n\n<div style=\"height:50px\" aria-hidden=\"true\" class=\"wp-block-spacer\"><\/div>\n\n<h2 class=\"wp-block-heading\" id=\"tools\" style=\"font-style:normal;font-weight:600\">Werkzeuge<\/h2>\n\n<p>Die folgende Tabelle listet einige zus\u00e4tzliche Werkzeuge von Space Mushrooms auf, die f\u00fcr <a href=\"https:\/\/www.sweethome3d.com\/de\/download\/\" data-type=\"page\" data-id=\"396\">Sweet Home 3D<\/a> n\u00fctzlich sind. Diese Werkzeuge sind als ausf\u00fchrbare Jar-Dateien verf\u00fcgbar, die durch Doppelklicken gestartet werden k\u00f6nnen, sobald <a href=\"https:\/\/www.java.com\/\" target=\"_blank\" rel=\"noopener\">Java<\/a> auf deinem System installiert ist. Unter macOS muss der erste Start einer aus dem Internet heruntergeladenen ausf\u00fchrbaren Jar-Datei durch Klicken auf die Jar-Datei bei gedr\u00fcckter <em>Strg<\/em>-Taste erfolgen, und dann <em>\u00d6ffnen<\/em> im erscheinenden Kontextmen\u00fc ausgew\u00e4hlt werden.  <\/p>\n\n<figure class=\"wp-block-flexible-table-block-table alignwide is-content-justification-center table-tools table-overflow-x\"><table class=\"has-fixed-layout\" style=\"border-collapse:collapse\"><thead><tr><th style=\"text-align:center\">Werkzeug<\/th><th style=\"text-align:center;width:500px\">Beschreibung<\/th><\/tr><\/thead><tbody><tr><td style=\"text-align:left\"><a href=\"https:\/\/sourceforge.net\/projects\/sweethome3d\/files\/FurnitureLibraryEditor\/FurnitureLibraryEditor-2.2.jar\/download\" target=\"_blank\" rel=\"noopener\">FurnitureLibraryEditor-2.2.jar<\/a><br>(14.4 MB &#8211; <a href=\"https:\/\/sourceforge.net\/projects\/sweethome3d\/files\/FurnitureLibraryEditor-source\/FurnitureLibraryEditor-2.2-src.zip\" target=\"_blank\" rel=\"noopener\">Quellcode<\/a>)<\/td><td style=\"width:500px\">Diese Anwendung erm\u00f6glicht es dir, eine SH3F-M\u00f6belbibliotheksdatei zu erstellen und die Eigenschaften der darin enthaltenen 3D-Modelle zu bearbeiten (<a href=\"https:\/\/www.sweethome3d.com\/support\/forum\/viewthread_thread,1550\">mehr erfahren<\/a>)<\/td><\/tr><tr><td><a href=\"https:\/\/sourceforge.net\/projects\/sweethome3d\/files\/TexturesLibraryEditor\/TexturesLibraryEditor-2.1.jar\/download\" target=\"_blank\" rel=\"noopener\">TexturesLibraryEditor-2.1.jar<\/a><br>(1.2 MB &#8211; <a href=\"https:\/\/sourceforge.net\/projects\/sweethome3d\/files\/TexturesLibraryEditor-source\/TexturesLibraryEditor-2.1-src.zip\" target=\"_blank\" rel=\"noopener\">Quellcode<\/a>)<\/td><td style=\"width:500px\">Diese Anwendung erm\u00f6glicht es dir, eine SH3T-Texturbibliotheksdatei zu erstellen und die Eigenschaften der darin enthaltenen Texturbilder zu bearbeiten (<a href=\"https:\/\/www.sweethome3d.com\/support\/forum\/viewthread_thread,3502\">mehr erfahren<\/a>)<\/td><\/tr><tr><td><a href=\"\/storage\/downloads\/HugeFileCleaner-1.0.jar\">HugeFileCleaner-1.0.jar<\/a><br>(7 kB &#8211; Quellcode enthalten)<\/td><td style=\"width:500px\">Diese Anwendung entfernt unn\u00f6tige Eintr\u00e4ge, die in gro\u00dfen SH3D-Dateien (im Allgemeinen gr\u00f6\u00dfer als 500 MB) aufgetreten sein k\u00f6nnten, die mit Sweet Home 3D-Versionen \u00e4lter als 5.2 erstellt wurden, als du die aktuelle Liste der Texturen im Texturen-Dialogfeld verwendet hast, um Texturen der im M\u00f6belkatalog gefundenen 3D-Modelle zu kopieren (<a href=\"https:\/\/www.sweethome3d.com\/support\/forum\/viewthread_thread,6331_offset,21\">mehr erfahren<\/a>)<\/td><\/tr><tr><td><a href=\"https:\/\/apps.apple.com\/us\/app\/tape-measure\/id1437807477\" target=\"_blank\" rel=\"noopener\">Ma\u00dfband<\/a><\/td><td style=\"width:500px\">Diese Anwendung erm\u00f6glicht es dir, Messungen vorzunehmen und einen genauen Bauplan deines Hauses zu erstellen, indem du den Raum um dich herum scannst und die Ecken der R\u00e4ume markierst. Du kannst den Grundriss dann direkt in Sweet Home 3D importieren, um mit der Gestaltung zu beginnen. Beachte, dass die App derzeit nur f\u00fcr iOS verf\u00fcgbar ist.<\/td><\/tr><\/tbody><\/table><\/figure>\n\n<p><\/p>\n","protected":false},"excerpt":{"rendered":"<p>Diese Seite beschreibt die wichtigsten Plugins und andere Werkzeuge, die f\u00fcr Sweet Home 3D verf\u00fcgbar sind.<\/p>\n","protected":false},"author":4,"featured_media":4059,"parent":0,"menu_order":0,"comment_status":"closed","ping_status":"closed","template":"page-resources.php","meta":{"inline_featured_image":false,"footnotes":""},"class_list":["post-4060","page","type-page","status-publish","has-post-thumbnail","hentry"],"_links":{"self":[{"href":"https:\/\/www.sweethome3d.com\/de\/wp-json\/wp\/v2\/pages\/4060","targetHints":{"allow":["GET"]}}],"collection":[{"href":"https:\/\/www.sweethome3d.com\/de\/wp-json\/wp\/v2\/pages"}],"about":[{"href":"https:\/\/www.sweethome3d.com\/de\/wp-json\/wp\/v2\/types\/page"}],"author":[{"embeddable":true,"href":"https:\/\/www.sweethome3d.com\/de\/wp-json\/wp\/v2\/users\/4"}],"replies":[{"embeddable":true,"href":"https:\/\/www.sweethome3d.com\/de\/wp-json\/wp\/v2\/comments?post=4060"}],"version-history":[{"count":4,"href":"https:\/\/www.sweethome3d.com\/de\/wp-json\/wp\/v2\/pages\/4060\/revisions"}],"predecessor-version":[{"id":16532,"href":"https:\/\/www.sweethome3d.com\/de\/wp-json\/wp\/v2\/pages\/4060\/revisions\/16532"}],"wp:featuredmedia":[{"embeddable":true,"href":"https:\/\/www.sweethome3d.com\/de\/wp-json\/wp\/v2\/media\/4059"}],"wp:attachment":[{"href":"https:\/\/www.sweethome3d.com\/de\/wp-json\/wp\/v2\/media?parent=4060"}],"curies":[{"name":"wp","href":"https:\/\/api.w.org\/{rel}","templated":true}]}}