{"id":3985,"date":"2025-11-11T13:49:43","date_gmt":"2025-11-11T13:49:43","guid":{"rendered":"https:\/\/www.sweethome3d.com\/lizenz\/"},"modified":"2025-12-16T15:28:36","modified_gmt":"2025-12-16T15:28:36","slug":"lizenz","status":"publish","type":"page","link":"https:\/\/www.sweethome3d.com\/de\/lizenz\/","title":{"rendered":"Lizenz"},"content":{"rendered":"\n<p><a href=\"https:\/\/www.sweethome3d.com\/de\/\">Sweet Home 3D<\/a>, Copyright (c) 2024 Space Mushrooms &lt;<a href=\"mailto:info@sweethome3d.com\">info@sweethome3d.com<\/a>&gt;<\/p>\n\n<p>Die kostenlose Version der Anwendung <a href=\"https:\/\/www.sweethome3d.com\/de\/\" data-type=\"page\" data-id=\"278\">Sweet Home 3D<\/a>, die Anwendungen <a href=\"\/support\/forum\/viewthread_thread,1550\" target=\"_blank\" rel=\"noreferrer noopener\">Furniture Library Editor<\/a> und <a href=\"\/support\/forum\/viewthread_thread,3502\" target=\"_blank\" rel=\"noreferrer noopener\">Textures Library Editor<\/a> sowie <a href=\"https:\/\/sourceforge.net\/p\/sweethome3d\/code\/HEAD\/tree\/trunk\/SweetHome3DJS\/\" target=\"_blank\" rel=\"noreferrer noopener\">Sweet Home 3D JS<\/a> werden unter der <a href=\"https:\/\/www.gnu.org\/licenses\/gpl-2.0.txt\" target=\"_blank\" rel=\"noreferrer noopener\">GNU General Public License<\/a> vertrieben; Sie k\u00f6nnen sie verwenden, kopieren, weiterverbreiten und\/oder modifizieren unter den Bedingungen dieser Lizenz, wie sie von der Free Software Foundation ver\u00f6ffentlicht wurde; entweder Version 2 der Lizenz oder (nach Ihrer Wahl) jede sp\u00e4tere Version. F\u00fcr weitere Details lesen Sie bitte die Bedingungen der <a href=\"https:\/\/www.gnu.org\/licenses\/gpl-2.0.txt\" target=\"_blank\" rel=\"noreferrer noopener\">GNU General Public License<\/a> und ihre <a href=\"https:\/\/www.gnu.org\/licenses\/gpl-faq.html\" target=\"_blank\" rel=\"noreferrer noopener\">FAQ<\/a>.<\/p>\n\n<p>Diese Programme werden in der Hoffnung verbreitet, dass sie n\u00fctzlich sein werden, jedoch OHNE JEGLICHE GEW\u00c4HRLEISTUNG; ohne auch nur die implizite Gew\u00e4hrleistung der MARKTG\u00c4NGIGKEIT oder der EIGNUNG F\u00dcR EINEN BESTIMMTEN ZWECK.<\/p>\n\n<p>Die GNU General Public License und andere Lizenzen, unter denen Sweet Home 3D, Sweet Home 3D Mobile, Furniture Library Editor, Textures Library Editor Anwendungen und Sweet Home 3D JS verf\u00fcgbar sind, erlauben es Ihnen, die mit diesen Anwendungen erstellten Dokumente zu ver\u00f6ffentlichen, sei es f\u00fcr den pers\u00f6nlichen oder kommerziellen Gebrauch, im Rahmen der Rechte, die durch die Lizenzen der 3D-Modelle und Texturen gew\u00e4hrt werden, die Sie in die mit diesen Anwendungen erstellten Dokumente importiert haben.<br\/>Sie k\u00f6nnen die in den Standardkatalogen aller Sweet Home 3D-Versionen verf\u00fcgbaren 3D-Modelle und Texturen f\u00fcr den pers\u00f6nlichen oder kommerziellen Gebrauch verwenden und weiterverbreiten, ebenso wie die auf sweethome3d.com gehosteten <a href=\"https:\/\/www.sweethome3d.com\/de\/kostenlose-3d-modelle\/\">kostenlosen 3D-Modelle<\/a> und die <a href=\"https:\/\/sourceforge.net\/projects\/sweethome3d\/files\/SweetHome3D-models\/\" target=\"_blank\" rel=\"noreferrer noopener\">M\u00f6belbibliotheken<\/a> oder <a href=\"https:\/\/sourceforge.net\/projects\/sweethome3d\/files\/SweetHome3D-textures\/\" target=\"_blank\" rel=\"noreferrer noopener\">Texturbibliotheken<\/a>, die unter den <a href=\"https:\/\/sourceforge.net\/projects\/sweethome3d\/files\/\" target=\"_blank\" rel=\"noreferrer noopener\">Sweet Home 3D-Dateien auf SourceForge.net<\/a> verf\u00fcgbar sind. Wenn Sie einige dieser 3D-Modelle und Texturen in Ihre Dokumente aufnehmen, sollten Sie den Autor derjenigen nennen, die unter der <a href=\"https:\/\/artlibre.org\/licence\/lal\/en\/\" target=\"_blank\" rel=\"noreferrer noopener\">Free Art License<\/a> oder der <a href=\"https:\/\/creativecommons.org\/licenses\/by\/3.0\/\" target=\"_blank\" rel=\"noreferrer noopener\">CC-BY License<\/a> vertrieben werden, m\u00f6glicherweise unter Verwendung eines Hinweises \u00e4hnlich dem folgenden (einschlie\u00dflich der Links, damit Benutzer die Autoren der von Ihnen verwendeten Kunstwerke finden k\u00f6nnen):<\/p>\n\n<p><em>Projekt entworfen mit <a href=\"https:\/\/www.sweethome3d.com\/de\/\" data-type=\"page\" data-id=\"278\">Sweet Home 3D<\/a>. Enth\u00e4lt <a href=\"https:\/\/www.sweethome3d.com\/de\/kostenlose-3d-modelle\/\">3D-Modelle<\/a> und <a href=\"\/import-textures\/\">Texturen<\/a>, die unter einer freien Lizenz vertrieben werden.<\/em><\/p>\n\n<p>Die Nutzung und Weiterverbreitung von 3D-Modellen oder Texturen, die auf anderen Websites gefunden wurden, kann durch die Lizenz, unter der sie vertrieben werden, eingeschr\u00e4nkt sein, und es liegt an dir, deren Lizenz zu \u00fcberpr\u00fcfen. Zum Beispiel werden 3D-Modelle, die bei <a href=\"https:\/\/www.2d3dmodels.com\/3dmodels.htm\" target=\"_blank\" rel=\"noreferrer noopener\">Archibit<\/a> verf\u00fcgbar sind, unter der <a href=\"https:\/\/creativecommons.org\/licenses\/by-nc-sa\/2.5\/it\/\" target=\"_blank\" rel=\"noreferrer noopener\">Creative Commons BY-NC-SA<\/a> Lizenz vertrieben, die die Nutzung eines Werkes f\u00fcr kommerzielle Zwecke verbietet, w\u00e4hrend die Abschnitte 1.B und 2.vi der <a href=\"https:\/\/3dwarehouse.sketchup.com\/tos#license\" target=\"_blank\" rel=\"noreferrer noopener\">General Model License<\/a> f\u00fcr die Modelle, die im <a href=\"https:\/\/3dwarehouse.sketchup.com\/\" target=\"_blank\" rel=\"noreferrer noopener\">Trimble 3D Warehouse<\/a> verf\u00fcgbar sind, dir erlauben, sie f\u00fcr <em>gesch\u00e4ftliche Zwecke (einschlie\u00dflich kommerzieller Zwecke)<\/em> zu nutzen, aber verbieten, <em>Inhalte, die von der Website stammen, zur Weiterverbreitung zu aggregieren<\/em>, eine Bedingung, die die Weiterverbreitung von M\u00f6belbibliotheken, die 3D Warehouse-Modelle enthalten, verhindert. <\/p>\n\n<p>Die GNU General Public License erlaubt dir auch, die kostenlose Version der Sweet Home 3D-Anwendung, die Anwendungen Furniture Library Editor und Textures Library Editor sowie Sweet Home 3D JS unter derselben Lizenz frei weiterzuverbreiten, wenn du die Bedingungen der <a href=\"https:\/\/www.gnu.org\/licenses\/gpl-2.0.txt\" target=\"_blank\" rel=\"noreferrer noopener\">GNU General Public License<\/a> mitlieferst und den folgenden Copyright-Hinweis an der entsprechenden Stelle hinzuf\u00fcgst (wenn m\u00f6glich mit einem Link zur Website <a href=\"\/\">https:\/\/www.sweethome3d.com<\/a>):<\/p>\n\n<p><em>Sweet Home 3D, Copyright (c) 2024 Space Mushrooms &lt;info@sweehome3d.com&gt;<\/em><\/p>\n\n<p>Diese Regel gilt auch f\u00fcr die Nutzung des <a href=\"https:\/\/sourceforge.net\/projects\/sweethome3d\/files\/SweetHome3D-viewer\/SweetHome3DJSViewer-7.5.2.zip\/download\" target=\"_blank\" rel=\"noreferrer noopener\">Sweet Home 3D JS Viewer<\/a> oder der <a href=\"\/online-manager\/\">Online-Version<\/a> auf deiner Website, was eine Art der Weiterverbreitung darstellt.<\/p>\n\n<p><em>Beachte, dass die GNU General Public License Entwicklern, die nicht die Urheberrechte an Sweet Home 3D besitzen, verbietet, propriet\u00e4re Programme zu erstellen, die von dieser Software abgeleitet sind oder sie in propriet\u00e4re Programme integrieren.<\/em><\/p>\n\n<p><em>Wenn du an Sweet Home 3D f\u00fcr eine solche Nutzung interessiert bist, schreibe bitte an <a href=\"mailto:info@sweethome3d.com\">info@sweethome3d.com<\/a>, um Informationen \u00fcber die anderen verf\u00fcgbaren Lizenzen zu erhalten, die deinen Bed\u00fcrfnissen entsprechen k\u00f6nnten.<\/em><\/p>\n\n<p>Sweet Home 3D enth\u00e4lt auch die folgenden Bibliotheken, die unter weniger restriktiven Lizenzen als der GNU GPL vertrieben werden:<\/p>\n\n<ul class=\"wp-block-list pl-16\">\n<li>Java 3D-Bibliothek, vertrieben unter <a href=\"https:\/\/www.opensource.org\/licenses\/bsd-license.php\" target=\"_blank\" rel=\"noreferrer noopener\">BSD-Lizenz<\/a> und <a href=\"https:\/\/openjdk.java.net\/legal\/gplv2+ce.html\" target=\"_blank\" rel=\"noreferrer noopener\">GNU General Public License mit der Classpath Exception<\/a>,<\/li>\n\n\n\n<li><a href=\"https:\/\/java.sun.com\/javase\/technologies\/desktop\/media\/jmf\/\" target=\"_blank\" rel=\"noreferrer noopener\">Java Media Framework<\/a>-Bibliothek, vertrieben unter <a href=\"https:\/\/java.sun.com\/javase\/technologies\/desktop\/media\/jmf\/2.1.1\/license.html\" target=\"_blank\" rel=\"noreferrer noopener\">JMF 2.1.1 Binary Code License<\/a>,<\/li>\n\n\n\n<li><a href=\"https:\/\/www.lowagie.com\/iText\/\" target=\"_blank\" rel=\"noreferrer noopener\">iText<\/a> PDF-Druckbibliothek Version 2.1.7, vertrieben unter <a href=\"https:\/\/www.gnu.org\/licenses\/old-licenses\/lgpl-2.1.txt\" target=\"_blank\" rel=\"noreferrer noopener\">GNU Lesser General Public License<\/a>,<\/li>\n\n\n\n<li><a href=\"https:\/\/java.freehep.org\/\" target=\"_blank\" rel=\"noreferrer noopener\">FreeHep<\/a> SVG-Exportbibliothek, vertrieben unter <a href=\"https:\/\/www.gnu.org\/licenses\/old-licenses\/lgpl-2.1.txt\" target=\"_blank\" rel=\"noreferrer noopener\">GNU Lesser General Public License<\/a>,<\/li>\n\n\n\n<li><a href=\"https:\/\/xmlgraphics.apache.org\/batik\/\" target=\"_blank\" rel=\"noreferrer noopener\">Batik<\/a> SVG-Pfad <a href=\"https:\/\/xmlgraphics.apache.org\/batik\/\" target=\"_blank\" rel=\"noreferrer noopener\"><\/a>Kompilierungsbibliothek, vertrieben unter <a href=\"https:\/\/xmlgraphics.apache.org\/batik\/license.html\" target=\"_blank\" rel=\"noreferrer noopener\">Apache License<\/a>,<\/li>\n\n\n\n<li><a href=\"https:\/\/www.eteks.com\/jeks\/\" target=\"_blank\" rel=\"noreferrer noopener\">Jeks Parser calculator<\/a>-Bibliothek zur Unterst\u00fctzung mathematischer Ausdr\u00fccke, vertrieben unter <a href=\"https:\/\/www.gnu.org\/licenses\/old-licenses\/lgpl-2.1.txt\" target=\"_blank\" rel=\"noreferrer noopener\">GNU Lesser General Public License<\/a>,<\/li>\n\n\n\n<li><a href=\"https:\/\/sunflow.sourceforge.net\/\" target=\"_blank\" rel=\"noreferrer noopener\">SunFlow<\/a> Global Illumination Rendering-Bibliothek, vertrieben unter <a href=\"https:\/\/www.opensource.org\/licenses\/mit-license.php\" target=\"_blank\" rel=\"noreferrer noopener\">MIT-Lizenz<\/a>,<\/li>\n\n\n\n<li><a href=\"https:\/\/github.com\/YafaRay\" target=\"_blank\" rel=\"noreferrer noopener\">YafaRay<\/a> Rendering-Bibliothek, vertrieben unter <a href=\"https:\/\/www.gnu.org\/licenses\/old-licenses\/lgpl-2.1.txt\" target=\"_blank\" rel=\"noreferrer noopener\">GNU Lesser General Public License<\/a><a href=\"https:\/\/www.opensource.org\/licenses\/mit-license.php\" target=\"_blank\" rel=\"noreferrer noopener\"><\/a>,<\/li>\n\n\n\n<li><a href=\"https:\/\/www.sweethome3d.com\/de\/kostenlose-3d-modelle\/\">3D-Modelle<\/a> und Texturen, die in den Katalogen der kostenlosen Version verf\u00fcgbar sind, werden unter GNU GPL oder <a>CC-BY Lizenz<\/a> vertrieben,<\/li>\n\n\n\n<li>die zus\u00e4tzlichen <a href=\"https:\/\/www.sweethome3d.com\/de\/kostenlose-3d-modelle\/\">3D-Modelle<\/a> und <a href=\"https:\/\/www.sweethome3d.com\/import-textures\/\">Texturen<\/a>, die in den Katalogen der Versionen f\u00fcr den <a href=\"https:\/\/apps.apple.com\/app\/sweet-home-3d\/id669289700\" target=\"_blank\" rel=\"noreferrer noopener\">Mac App Store<\/a>, <a href=\"https:\/\/apps.microsoft.com\/detail\/9nblggh2smtq\" target=\"_blank\" rel=\"noreferrer noopener\">Microsoft Store<\/a> und <a href=\"https:\/\/www.amazon.com\/gp\/product\/B00NLVKPDM\" target=\"_blank\" rel=\"noreferrer noopener\">Amazon Store<\/a> verf\u00fcgbar sind, werden unter <a href=\"https:\/\/artlibre.org\/licence\/lal\/en\" target=\"_blank\" rel=\"noreferrer noopener\">Free Art Licence<\/a>, <a href=\"https:\/\/creativecommons.org\/licenses\/by\/3.0\/\" target=\"_blank\" rel=\"noreferrer noopener\">CC-BY Lizenz<\/a> vertrieben oder sind je nach Modell gemeinfrei.<\/li>\n<\/ul>\n\n<p>Sweet Home 3D JS h\u00e4ngt auch von den folgenden Bibliotheken ab:<\/p>\n\n<ul class=\"wp-block-list pl-16\">\n<li><a href=\"https:\/\/stuk.github.io\/jszip\/\" target=\"_blank\" rel=\"noreferrer noopener\">JSZip<\/a>-Bibliothek, vertrieben unter <a href=\"https:\/\/github.com\/Stuk\/jszip\/blob\/master\/LICENSE.markdown\" target=\"_blank\" rel=\"noreferrer noopener\">MIT-Lizenz<\/a>,<\/li>\n\n\n\n<li><a href=\"https:\/\/glmatrix.net\/\" target=\"_blank\" rel=\"noreferrer noopener\">glMatrix<\/a>-Bibliothek, vertrieben unter <a href=\"https:\/\/github.com\/toji\/gl-matrix\/blob\/master\/LICENSE.md\" target=\"_blank\" rel=\"noreferrer noopener\">MIT-Lizenz<\/a>,<\/li>\n\n\n\n<li><a href=\"https:\/\/github.com\/MikeMcl\/big.js\/\" target=\"_blank\" rel=\"noreferrer noopener\">big.js<\/a>-Bibliothek, vertrieben unter <a href=\"https:\/\/github.com\/MikeMcl\/big.js\/blob\/main\/LICENCE.md\" target=\"_blank\" rel=\"noreferrer noopener\">MIT-Lizenz<\/a>,<\/li>\n\n\n\n<li><a href=\"https:\/\/github.com\/ndebeiss\/jsXmlSaxParser\" target=\"_blank\" rel=\"noreferrer noopener\">jsXmlSaxParser<\/a>-Bibliothek, vertrieben unter <a href=\"https:\/\/raw.githubusercontent.com\/ndebeiss\/jsXmlSaxParser\/master\/LICENSE\" target=\"_blank\" rel=\"noreferrer noopener\">Apache-Lizenz<\/a>,<\/li>\n\n\n\n<li>JavaScript-\u00dcbersetzung der <code>Triangulator<\/code> Klasse in der <a href=\"https:\/\/github.com\/hharrison\/java3d-utils\" target=\"_blank\" rel=\"noreferrer noopener\">Java 3D utils<\/a>-Bibliothek, vertrieben unter <a href=\"https:\/\/github.com\/hharrison\/java3d-utils\/blob\/master\/LICENSE.txt\" target=\"_blank\" rel=\"noreferrer noopener\">BSD-Lizenz<\/a>,<\/li>\n\n\n\n<li>JavaScript-\u00dcbersetzung der <a href=\"https:\/\/xmlgraphics.apache.org\/batik\/\" target=\"_blank\" rel=\"noreferrer noopener\">Batik<\/a> SVG-Pfad-Kompilierungsbibliothek, vertrieben unter <a href=\"https:\/\/xmlgraphics.apache.org\/batik\/license.html\" target=\"_blank\" rel=\"noreferrer noopener\">Apache License<\/a>,<\/li>\n\n\n\n<li><a href=\"https:\/\/github.com\/stleary\/JSON-java\" target=\"_blank\" rel=\"noreferrer noopener\">JSON.org<\/a>-Bibliothek, vertrieben unter <a href=\"https:\/\/github.com\/stleary\/JSON-java\/blob\/master\/LICENSE\" target=\"_blank\" rel=\"noreferrer noopener\">JSON free license<\/a>,<\/li>\n\n\n\n<li>JavaScript-\u00dcbersetzung der <code>java.awt.geom<\/code> und <code>javax.swing.undo<\/code> Pakete in der <a href=\"https:\/\/openjdk.java.net\/\" target=\"_blank\" rel=\"noreferrer noopener\">OpenJDK<\/a>-Bibliothek, vertrieben unter <a href=\"https:\/\/openjdk.java.net\/legal\/gplv2+ce.html\" target=\"_blank\" rel=\"noreferrer noopener\">GNU General Public License mit der Classpath Exception<\/a>.<\/li>\n<\/ul>\n","protected":false},"excerpt":{"rendered":"<p>Sweet Home 3D, Copyright (c) 2024 Space Mushrooms &lt;info@sweethome3d.com&gt; Die kostenlose Version der Anwendung Sweet Home 3D, die Anwendungen Furniture Library Editor und Textures Library Editor sowie Sweet Home 3D JS werden unter der GNU General Public License vertrieben; Sie k\u00f6nnen sie verwenden, kopieren, weiterverbreiten und\/oder modifizieren unter den Bedingungen dieser Lizenz, wie sie von<a href=\"https:\/\/www.sweethome3d.com\/de\/lizenz\/\">Continue reading <span class=\"sr-only\">&#8222;Lizenz&#8220;<\/span><\/a><\/p>\n","protected":false},"author":2,"featured_media":3984,"parent":0,"menu_order":0,"comment_status":"closed","ping_status":"closed","template":"page-resources.php","meta":{"inline_featured_image":false,"footnotes":""},"class_list":["post-3985","page","type-page","status-publish","has-post-thumbnail","hentry"],"_links":{"self":[{"href":"https:\/\/www.sweethome3d.com\/de\/wp-json\/wp\/v2\/pages\/3985","targetHints":{"allow":["GET"]}}],"collection":[{"href":"https:\/\/www.sweethome3d.com\/de\/wp-json\/wp\/v2\/pages"}],"about":[{"href":"https:\/\/www.sweethome3d.com\/de\/wp-json\/wp\/v2\/types\/page"}],"author":[{"embeddable":true,"href":"https:\/\/www.sweethome3d.com\/de\/wp-json\/wp\/v2\/users\/2"}],"replies":[{"embeddable":true,"href":"https:\/\/www.sweethome3d.com\/de\/wp-json\/wp\/v2\/comments?post=3985"}],"version-history":[{"count":3,"href":"https:\/\/www.sweethome3d.com\/de\/wp-json\/wp\/v2\/pages\/3985\/revisions"}],"predecessor-version":[{"id":11852,"href":"https:\/\/www.sweethome3d.com\/de\/wp-json\/wp\/v2\/pages\/3985\/revisions\/11852"}],"wp:featuredmedia":[{"embeddable":true,"href":"https:\/\/www.sweethome3d.com\/de\/wp-json\/wp\/v2\/media\/3984"}],"wp:attachment":[{"href":"https:\/\/www.sweethome3d.com\/de\/wp-json\/wp\/v2\/media?parent=3985"}],"curies":[{"name":"wp","href":"https:\/\/api.w.org\/{rel}","templated":true}]}}