{"id":2846,"date":"2025-09-18T11:56:08","date_gmt":"2025-09-18T11:56:08","guid":{"rendered":"https:\/\/www.sweethome3d.com\/texturen-importieren\/"},"modified":"2026-02-10T13:59:23","modified_gmt":"2026-02-10T13:59:23","slug":"texturen-importieren","status":"publish","type":"page","link":"https:\/\/www.sweethome3d.com\/de\/texturen-importieren\/","title":{"rendered":"Texturen importieren"},"content":{"rendered":"\n<h2 class=\"wp-block-heading\">Verf\u00fcgbare Texturquellen<\/h2>\n\n<h3 class=\"wp-block-heading\">Texturbibliotheken<\/h3>\n\n<p>Mit <a href=\"https:\/\/www.sweethome3d.com\/de\/download\/\" data-type=\"page\" data-id=\"396\">Sweet Home 3D<\/a> k\u00f6nnen Sie Texturbilder einzeln oder in Gruppen von Texturen importieren, die in SH3T-Dateien gespeichert sind. Bei einer SH3T-Datei handelt es sich um eine Bibliothek mit Texturen und deren Beschreibung. Sie k\u00f6nnen sie ganz einfach installieren, indem Sie auf sie doppelklicken oder in <a href=\"https:\/\/www.sweethome3d.com\/de\/download\/\" data-type=\"page\" data-id=\"396\">Sweet Home 3D<\/a> den Men\u00fcpunkt <em>M\u00f6bel &gt; Texturbibliothek importieren<\/em> w\u00e4hlen.<br\/>Die folgenden ZIP-Dateien enthalten eine SH3T-Datei, die Sie in <a href=\"https:\/\/www.sweethome3d.com\/de\/download\/\" data-type=\"page\" data-id=\"396\">Sweet Home 3D<\/a> importieren k\u00f6nnen.<\/p>\n\n<div class=\"wp-block-group is-nowrap is-layout-flex wp-container-core-group-is-layout-ad2f72ca wp-block-group-is-layout-flex\">\n<ul class=\"wp-block-list\">\n<li><a href=\"https:\/\/sourceforge.net\/projects\/sweethome3d\/files\/SweetHome3D-textures\/Textures-1.3.1\/Textures-Contributions-1.3.1.zip\/download\" target=\"_blank\" rel=\"noopener\">Textures-Contributions-1.3.1.zip<\/a> (1,1 MB \u2013 57 Texturen \u2013 CC-BY Lizenz)<\/li>\n\n\n\n<li><a href=\"https:\/\/sourceforge.net\/projects\/sweethome3d\/files\/SweetHome3D-textures\/Textures-1.3.1\/Textures-eTeksScopia-1.3.1.zip\/download\" target=\"_blank\" rel=\"noopener\">Textures-eTeksScopia-1.3.1.zip<\/a> (18,8 MB \u2013 340 Texturen \u2013 CC-BY Lizenz)<\/li>\n<\/ul>\n<\/div>\n\n<p id=\"textures-p-download\">Du kannst auch <a href=\"#download\">die Vollversion herunterladen<\/a>, mit \u00fcber 10.000 <a href=\"https:\/\/www.sweethome3d.com\/de\/3d-modelle-importieren\/\" data-type=\"page\" data-id=\"432\">3D-Modellen<\/a> und 400 bereits enthaltenen Texturen.<a href=\"https:\/\/apps.apple.com\/app\/sweet-home-3d\/id669289700\" target=\"_blank\" rel=\"noopener\"><\/a><\/p>\n\n<div style=\"height:30px\" aria-hidden=\"true\" class=\"wp-block-spacer\"><\/div>\n\n<div class=\"wp-block-buttons is-content-justification-center is-layout-flex wp-container-core-buttons-is-layout-16018d1d wp-block-buttons-is-layout-flex\" data-label=\"wce_textures_download_direct\">\n<div class=\"wp-block-button font-inter\" data-action=\"wce_textures_download_direct\"><a class=\"wp-block-button__link has-white-color has-blue-pure-background-color has-text-color has-background has-link-color has-lg-font-size has-custom-font-size wp-element-button\" href=\"#download\" style=\"font-style:normal;font-weight:600\"><img decoding=\"async\" width=\"20\" height=\"20\" class=\"wp-image-641 lazyload\" style=\"--smush-placeholder-width: 20px; --smush-placeholder-aspect-ratio: 20\/20;width: 20px;\" data-src=\"https:\/\/www.sweethome3d.com\/wp-content\/uploads\/2025\/10\/Download.png\" alt=\"\" src=\"data:image\/svg+xml;base64,PHN2ZyB3aWR0aD0iMSIgaGVpZ2h0PSIxIiB4bWxucz0iaHR0cDovL3d3dy53My5vcmcvMjAwMC9zdmciPjwvc3ZnPg==\" \/> Sweet Home 3D Herunterladen<\/a><\/div>\n<\/div>\n\n<div style=\"height:60px\" aria-hidden=\"true\" class=\"wp-block-spacer\"><\/div>\n\n<div class=\"wp-block-group is-content-justification-center is-nowrap is-layout-flex wp-container-core-group-is-layout-94bc23d7 wp-block-group-is-layout-flex\">\n<figure data-wp-context=\"{&quot;imageId&quot;:&quot;69f5b48ace617&quot;}\" data-wp-interactive=\"core\/image\" data-wp-key=\"69f5b48ace617\" class=\"wp-block-image aligncenter size-full is-resized wp-lightbox-container\"><img decoding=\"async\" width=\"1452\" height=\"332\" data-wp-class--hide=\"state.isContentHidden\" data-wp-class--show=\"state.isContentVisible\" data-wp-init=\"callbacks.setButtonStyles\" data-wp-on--click=\"actions.showLightbox\" data-wp-on--load=\"callbacks.setButtonStyles\" data-wp-on-window--resize=\"callbacks.setButtonStyles\" data-src=\"https:\/\/www.sweethome3d.com\/wp-content\/uploads\/2025\/11\/Frame-1000003909-1.png\" alt=\"\" class=\"wp-image-2673 lazyload\" style=\"--smush-placeholder-width: 1452px; --smush-placeholder-aspect-ratio: 1452\/332;width:720px\" data-srcset=\"https:\/\/www.sweethome3d.com\/wp-content\/uploads\/2025\/11\/Frame-1000003909-1.png 1452w, https:\/\/www.sweethome3d.com\/wp-content\/uploads\/2025\/11\/Frame-1000003909-1-300x69.png 300w, https:\/\/www.sweethome3d.com\/wp-content\/uploads\/2025\/11\/Frame-1000003909-1-1024x234.png 1024w, https:\/\/www.sweethome3d.com\/wp-content\/uploads\/2025\/11\/Frame-1000003909-1-394x90.png 394w, https:\/\/www.sweethome3d.com\/wp-content\/uploads\/2025\/11\/Frame-1000003909-1-768x176.png 768w\" data-sizes=\"(max-width: 1452px) 100vw, 1452px\" src=\"data:image\/svg+xml;base64,PHN2ZyB3aWR0aD0iMSIgaGVpZ2h0PSIxIiB4bWxucz0iaHR0cDovL3d3dy53My5vcmcvMjAwMC9zdmciPjwvc3ZnPg==\" \/><button\n\t\t\tclass=\"lightbox-trigger\"\n\t\t\ttype=\"button\"\n\t\t\taria-haspopup=\"dialog\"\n\t\t\taria-label=\"Vergr\u00f6\u00dfern\"\n\t\t\tdata-wp-init=\"callbacks.initTriggerButton\"\n\t\t\tdata-wp-on--click=\"actions.showLightbox\"\n\t\t\tdata-wp-style--right=\"state.imageButtonRight\"\n\t\t\tdata-wp-style--top=\"state.imageButtonTop\"\n\t\t>\n\t\t\t<svg xmlns=\"http:\/\/www.w3.org\/2000\/svg\" width=\"12\" height=\"12\" fill=\"none\" viewBox=\"0 0 12 12\">\n\t\t\t\t<path fill=\"#fff\" d=\"M2 0a2 2 0 0 0-2 2v2h1.5V2a.5.5 0 0 1 .5-.5h2V0H2Zm2 10.5H2a.5.5 0 0 1-.5-.5V8H0v2a2 2 0 0 0 2 2h2v-1.5ZM8 12v-1.5h2a.5.5 0 0 0 .5-.5V8H12v2a2 2 0 0 1-2 2H8Zm2-12a2 2 0 0 1 2 2v2h-1.5V2a.5.5 0 0 0-.5-.5H8V0h2Z\" \/>\n\t\t\t<\/svg>\n\t\t<\/button><\/figure>\n<\/div>\n\n<div style=\"height:60px\" aria-hidden=\"true\" class=\"wp-block-spacer\"><\/div>\n\n<p class=\"has-text-align-center\">Beachte, dass eine SH3T-Datei lediglich eine Art ZIP-Datei ist, aus der du einzelne Texturbilder mit jedem ZIP-Tool extrahieren kannst. Bei Bedarf kannst du auch deine eigenen SH3T-Dateien mit dem herunterladbaren <a href=\"https:\/\/sourceforge.net\/projects\/sweethome3d\/files\/TexturesLibraryEditor\/TexturesLibraryEditor-2.1.jar\/download\" target=\"_blank\" rel=\"noopener\">Textures Library Editor<\/a> erstellen. <\/p>\n\n<div style=\"height:30px\" aria-hidden=\"true\" class=\"wp-block-spacer\"><\/div>\n\n<h3 class=\"wp-block-heading\">Websites mit Texturen<\/h3>\n\n<p>Die folgenden Websites bieten kostenlose Texturbilder an, die vom Texturimport-Assistenten von <a href=\"\/\">Sweet Home 3D<\/a> unterst\u00fctzt werden:<\/p>\n\n<figure class=\"wp-block-flexible-table-block-table is-content-justification-left stars-table\"><table class=\"\" style=\"border-width:0\"><tbody><tr><td><img decoding=\"async\" width=\"12\" height=\"12\" data-src=\"https:\/\/www.sweethome3d.com\/images\/star.gif\" alt=\"Stern\" src=\"data:image\/svg+xml;base64,PHN2ZyB3aWR0aD0iMSIgaGVpZ2h0PSIxIiB4bWxucz0iaHR0cDovL3d3dy53My5vcmcvMjAwMC9zdmciPjwvc3ZnPg==\" class=\"lazyload\" style=\"--smush-placeholder-width: 12px; --smush-placeholder-aspect-ratio: 12\/12;\"><img decoding=\"async\" width=\"12\" height=\"12\" data-src=\"https:\/\/www.sweethome3d.com\/images\/star.gif\" alt=\"Stern\" src=\"data:image\/svg+xml;base64,PHN2ZyB3aWR0aD0iMSIgaGVpZ2h0PSIxIiB4bWxucz0iaHR0cDovL3d3dy53My5vcmcvMjAwMC9zdmciPjwvc3ZnPg==\" class=\"lazyload\" style=\"--smush-placeholder-width: 12px; --smush-placeholder-aspect-ratio: 12\/12;\"><img decoding=\"async\" width=\"12\" height=\"12\" data-src=\"https:\/\/www.sweethome3d.com\/images\/star.gif\" alt=\"Stern\" src=\"data:image\/svg+xml;base64,PHN2ZyB3aWR0aD0iMSIgaGVpZ2h0PSIxIiB4bWxucz0iaHR0cDovL3d3dy53My5vcmcvMjAwMC9zdmciPjwvc3ZnPg==\" class=\"lazyload\" style=\"--smush-placeholder-width: 12px; --smush-placeholder-aspect-ratio: 12\/12;\"><\/td><td><a href=\"https:\/\/ambientcg.com\/\" target=\"_blank\" rel=\"noopener\">ambientCG<\/a> (viele nahtlose Texturen, die gemeinfrei ver\u00f6ffentlicht wurden, auch als SH3T-Bibliotheken <a href=\"https:\/\/github.com\/fabien-michel\/sweethome3d-textures-ambientcg\" target=\"_blank\" rel=\"noopener\">hier<\/a> verf\u00fcgbar)<\/td><\/tr><tr><td><img decoding=\"async\" width=\"12\" height=\"12\" data-src=\"https:\/\/www.sweethome3d.com\/images\/star.gif\" alt=\"Stern\" src=\"data:image\/svg+xml;base64,PHN2ZyB3aWR0aD0iMSIgaGVpZ2h0PSIxIiB4bWxucz0iaHR0cDovL3d3dy53My5vcmcvMjAwMC9zdmciPjwvc3ZnPg==\" class=\"lazyload\" style=\"--smush-placeholder-width: 12px; --smush-placeholder-aspect-ratio: 12\/12;\"><img decoding=\"async\" width=\"12\" height=\"12\" data-src=\"https:\/\/www.sweethome3d.com\/images\/star.gif\" alt=\"Stern\" src=\"data:image\/svg+xml;base64,PHN2ZyB3aWR0aD0iMSIgaGVpZ2h0PSIxIiB4bWxucz0iaHR0cDovL3d3dy53My5vcmcvMjAwMC9zdmciPjwvc3ZnPg==\" class=\"lazyload\" style=\"--smush-placeholder-width: 12px; --smush-placeholder-aspect-ratio: 12\/12;\"><\/td><td><a href=\"https:\/\/archivetextures.net\/\" target=\"_blank\" rel=\"noopener\">Archive textures<\/a> (sehr gro\u00dfe Auswahl)<\/td><\/tr><tr><td><img decoding=\"async\" width=\"12\" height=\"12\" data-src=\"https:\/\/www.sweethome3d.com\/images\/star.gif\" alt=\"Stern\" src=\"data:image\/svg+xml;base64,PHN2ZyB3aWR0aD0iMSIgaGVpZ2h0PSIxIiB4bWxucz0iaHR0cDovL3d3dy53My5vcmcvMjAwMC9zdmciPjwvc3ZnPg==\" class=\"lazyload\" style=\"--smush-placeholder-width: 12px; --smush-placeholder-aspect-ratio: 12\/12;\"><img decoding=\"async\" width=\"12\" height=\"12\" data-src=\"https:\/\/www.sweethome3d.com\/images\/star.gif\" alt=\"Stern\" src=\"data:image\/svg+xml;base64,PHN2ZyB3aWR0aD0iMSIgaGVpZ2h0PSIxIiB4bWxucz0iaHR0cDovL3d3dy53My5vcmcvMjAwMC9zdmciPjwvc3ZnPg==\" class=\"lazyload\" style=\"--smush-placeholder-width: 12px; --smush-placeholder-aspect-ratio: 12\/12;\"><\/td><td><a href=\"https:\/\/www.sharetextures.com\/\" target=\"_blank\" rel=\"noopener\">Sharetextures<\/a> (sch\u00f6ne nahtlose Texturen, die gemeinfrei ver\u00f6ffentlicht wurden)<\/td><\/tr><tr><td><img decoding=\"async\" width=\"12\" height=\"12\" data-src=\"https:\/\/www.sweethome3d.com\/images\/star.gif\" alt=\"Stern\" src=\"data:image\/svg+xml;base64,PHN2ZyB3aWR0aD0iMSIgaGVpZ2h0PSIxIiB4bWxucz0iaHR0cDovL3d3dy53My5vcmcvMjAwMC9zdmciPjwvc3ZnPg==\" class=\"lazyload\" style=\"--smush-placeholder-width: 12px; --smush-placeholder-aspect-ratio: 12\/12;\"><img decoding=\"async\" width=\"12\" height=\"12\" data-src=\"https:\/\/www.sweethome3d.com\/images\/star.gif\" alt=\"Stern\" src=\"data:image\/svg+xml;base64,PHN2ZyB3aWR0aD0iMSIgaGVpZ2h0PSIxIiB4bWxucz0iaHR0cDovL3d3dy53My5vcmcvMjAwMC9zdmciPjwvc3ZnPg==\" class=\"lazyload\" style=\"--smush-placeholder-width: 12px; --smush-placeholder-aspect-ratio: 12\/12;\"><\/td><td><a href=\"https:\/\/3dtextures.me\/\" target=\"_blank\" rel=\"noopener\">3D textures<\/a> (eine weitere Seite mit nahtlosen Texturen, die gemeinfrei ver\u00f6ffentlicht wurden)<\/td><\/tr><tr><td><img decoding=\"async\" width=\"12\" height=\"12\" data-src=\"https:\/\/www.sweethome3d.com\/images\/star.gif\" alt=\"Stern\" src=\"data:image\/svg+xml;base64,PHN2ZyB3aWR0aD0iMSIgaGVpZ2h0PSIxIiB4bWxucz0iaHR0cDovL3d3dy53My5vcmcvMjAwMC9zdmciPjwvc3ZnPg==\" class=\"lazyload\" style=\"--smush-placeholder-width: 12px; --smush-placeholder-aspect-ratio: 12\/12;\"><img decoding=\"async\" width=\"12\" height=\"12\" data-src=\"https:\/\/www.sweethome3d.com\/images\/star.gif\" alt=\"Stern\" src=\"data:image\/svg+xml;base64,PHN2ZyB3aWR0aD0iMSIgaGVpZ2h0PSIxIiB4bWxucz0iaHR0cDovL3d3dy53My5vcmcvMjAwMC9zdmciPjwvc3ZnPg==\" class=\"lazyload\" style=\"--smush-placeholder-width: 12px; --smush-placeholder-aspect-ratio: 12\/12;\"><\/td><td><a href=\"https:\/\/tiled-bg.blogspot.com\/p\/about.html\" target=\"_blank\" rel=\"noopener\">Free Web Gallery of Tile-able Website Backgrounds<\/a> (anpassbare nahtlose Texturen, verf\u00fcgbar unter CC-BY Lizenz)<\/td><\/tr><tr><td><img decoding=\"async\" width=\"12\" height=\"12\" data-src=\"https:\/\/www.sweethome3d.com\/images\/star.gif\" alt=\"Stern\" src=\"data:image\/svg+xml;base64,PHN2ZyB3aWR0aD0iMSIgaGVpZ2h0PSIxIiB4bWxucz0iaHR0cDovL3d3dy53My5vcmcvMjAwMC9zdmciPjwvc3ZnPg==\" class=\"lazyload\" style=\"--smush-placeholder-width: 12px; --smush-placeholder-aspect-ratio: 12\/12;\"><img decoding=\"async\" width=\"12\" height=\"12\" data-src=\"https:\/\/www.sweethome3d.com\/images\/star.gif\" alt=\"Stern\" src=\"data:image\/svg+xml;base64,PHN2ZyB3aWR0aD0iMSIgaGVpZ2h0PSIxIiB4bWxucz0iaHR0cDovL3d3dy53My5vcmcvMjAwMC9zdmciPjwvc3ZnPg==\" class=\"lazyload\" style=\"--smush-placeholder-width: 12px; --smush-placeholder-aspect-ratio: 12\/12;\"><\/td><td><a href=\"https:\/\/www.plaintextures.com\/\" target=\"_blank\" rel=\"noopener\">Plain textures<\/a> (eine gro\u00dfe Auswahl an Texturen, aber nicht alle sind nahtlos)<\/td><\/tr><tr><td><img decoding=\"async\" width=\"12\" height=\"12\" data-src=\"https:\/\/www.sweethome3d.com\/images\/star.gif\" alt=\"Stern\" src=\"data:image\/svg+xml;base64,PHN2ZyB3aWR0aD0iMSIgaGVpZ2h0PSIxIiB4bWxucz0iaHR0cDovL3d3dy53My5vcmcvMjAwMC9zdmciPjwvc3ZnPg==\" class=\"lazyload\" style=\"--smush-placeholder-width: 12px; --smush-placeholder-aspect-ratio: 12\/12;\"><img decoding=\"async\" width=\"12\" height=\"12\" data-src=\"https:\/\/www.sweethome3d.com\/images\/star.gif\" alt=\"Stern\" src=\"data:image\/svg+xml;base64,PHN2ZyB3aWR0aD0iMSIgaGVpZ2h0PSIxIiB4bWxucz0iaHR0cDovL3d3dy53My5vcmcvMjAwMC9zdmciPjwvc3ZnPg==\" class=\"lazyload\" style=\"--smush-placeholder-width: 12px; --smush-placeholder-aspect-ratio: 12\/12;\"><\/td><td><a href=\"https:\/\/www.cgtextures.com\/\" target=\"_blank\" rel=\"noopener\">CG Textures<\/a> (eine gro\u00dfe Auswahl an Texturen, aber nicht alle sind nahtlos)<\/td><\/tr><tr><td><img decoding=\"async\" width=\"12\" height=\"12\" data-src=\"https:\/\/www.sweethome3d.com\/images\/star.gif\" alt=\"Stern\" src=\"data:image\/svg+xml;base64,PHN2ZyB3aWR0aD0iMSIgaGVpZ2h0PSIxIiB4bWxucz0iaHR0cDovL3d3dy53My5vcmcvMjAwMC9zdmciPjwvc3ZnPg==\" class=\"lazyload\" style=\"--smush-placeholder-width: 12px; --smush-placeholder-aspect-ratio: 12\/12;\"><img decoding=\"async\" width=\"12\" height=\"12\" data-src=\"https:\/\/www.sweethome3d.com\/images\/star.gif\" alt=\"Stern\" src=\"data:image\/svg+xml;base64,PHN2ZyB3aWR0aD0iMSIgaGVpZ2h0PSIxIiB4bWxucz0iaHR0cDovL3d3dy53My5vcmcvMjAwMC9zdmciPjwvc3ZnPg==\" class=\"lazyload\" style=\"--smush-placeholder-width: 12px; --smush-placeholder-aspect-ratio: 12\/12;\"><\/td><td><a href=\"https:\/\/blender-archi.tuxfamily.org\/Textures\" target=\"_blank\" rel=\"noopener\">Blender for Architecture<\/a> (interessant f\u00fcr <a href=\"https:\/\/blender-archi.tuxfamily.org\/Textures#Horizontal_maps\" target=\"_blank\" rel=\"noopener\">Himmelstexturen<\/a>)<\/td><\/tr><tr><td><img decoding=\"async\" width=\"12\" height=\"12\" data-src=\"https:\/\/www.sweethome3d.com\/images\/star.gif\" alt=\"Stern\" src=\"data:image\/svg+xml;base64,PHN2ZyB3aWR0aD0iMSIgaGVpZ2h0PSIxIiB4bWxucz0iaHR0cDovL3d3dy53My5vcmcvMjAwMC9zdmciPjwvc3ZnPg==\" class=\"lazyload\" style=\"--smush-placeholder-width: 12px; --smush-placeholder-aspect-ratio: 12\/12;\"><img decoding=\"async\" width=\"12\" height=\"12\" data-src=\"https:\/\/www.sweethome3d.com\/images\/star.gif\" alt=\"Stern\" src=\"data:image\/svg+xml;base64,PHN2ZyB3aWR0aD0iMSIgaGVpZ2h0PSIxIiB4bWxucz0iaHR0cDovL3d3dy53My5vcmcvMjAwMC9zdmciPjwvc3ZnPg==\" class=\"lazyload\" style=\"--smush-placeholder-width: 12px; --smush-placeholder-aspect-ratio: 12\/12;\"><\/td><td><a href=\"https:\/\/telias.gr\/textures_menu.html\" target=\"_blank\" rel=\"noopener\">Free the models<\/a> (sch\u00f6ne Texturen, erstellt von einem Sweet Home 3D-Mitwirkenden)<\/td><\/tr><tr><td><img decoding=\"async\" width=\"12\" height=\"12\" data-src=\"https:\/\/www.sweethome3d.com\/images\/star.gif\" alt=\"Stern\" src=\"data:image\/svg+xml;base64,PHN2ZyB3aWR0aD0iMSIgaGVpZ2h0PSIxIiB4bWxucz0iaHR0cDovL3d3dy53My5vcmcvMjAwMC9zdmciPjwvc3ZnPg==\" class=\"lazyload\" style=\"--smush-placeholder-width: 12px; --smush-placeholder-aspect-ratio: 12\/12;\"><img decoding=\"async\" width=\"12\" height=\"12\" data-src=\"https:\/\/www.sweethome3d.com\/images\/star.gif\" alt=\"Stern\" src=\"data:image\/svg+xml;base64,PHN2ZyB3aWR0aD0iMSIgaGVpZ2h0PSIxIiB4bWxucz0iaHR0cDovL3d3dy53My5vcmcvMjAwMC9zdmciPjwvc3ZnPg==\" class=\"lazyload\" style=\"--smush-placeholder-width: 12px; --smush-placeholder-aspect-ratio: 12\/12;\"><\/td><td><a href=\"https:\/\/www.museumtextures.com\/\" target=\"_blank\" rel=\"noopener\">Museum Textures<\/a> (gute Auswahl an Texturen mit einigen nahtlosen)<\/td><\/tr><tr><td><img decoding=\"async\" width=\"12\" height=\"12\" data-src=\"https:\/\/www.sweethome3d.com\/images\/star.gif\" alt=\"Stern\" src=\"data:image\/svg+xml;base64,PHN2ZyB3aWR0aD0iMSIgaGVpZ2h0PSIxIiB4bWxucz0iaHR0cDovL3d3dy53My5vcmcvMjAwMC9zdmciPjwvc3ZnPg==\" class=\"lazyload\" style=\"--smush-placeholder-width: 12px; --smush-placeholder-aspect-ratio: 12\/12;\"><\/td><td><a href=\"https:\/\/www.alterlinks.com\/textures\/\" target=\"_blank\" rel=\"noopener\">Alterlinks<\/a> (einige einfache Texturen)<\/td><\/tr><tr><td><img decoding=\"async\" width=\"12\" height=\"12\" data-src=\"https:\/\/www.sweethome3d.com\/images\/star.gif\" alt=\"Stern\" src=\"data:image\/svg+xml;base64,PHN2ZyB3aWR0aD0iMSIgaGVpZ2h0PSIxIiB4bWxucz0iaHR0cDovL3d3dy53My5vcmcvMjAwMC9zdmciPjwvc3ZnPg==\" class=\"lazyload\" style=\"--smush-placeholder-width: 12px; --smush-placeholder-aspect-ratio: 12\/12;\"><\/td><td><a href=\"https:\/\/www.hongkiat.com\/blog\/28-high-resolution-wood-textures-for-designers\/\" target=\"_blank\" rel=\"noopener\">Hongkiat.com<\/a> (Holztexturen, die meisten davon sind nicht nahtlos)<\/td><\/tr><tr><td><img decoding=\"async\" width=\"12\" height=\"12\" data-src=\"https:\/\/www.sweethome3d.com\/images\/star.gif\" alt=\"Stern\" src=\"data:image\/svg+xml;base64,PHN2ZyB3aWR0aD0iMSIgaGVpZ2h0PSIxIiB4bWxucz0iaHR0cDovL3d3dy53My5vcmcvMjAwMC9zdmciPjwvc3ZnPg==\" class=\"lazyload\" style=\"--smush-placeholder-width: 12px; --smush-placeholder-aspect-ratio: 12\/12;\"><\/td><td><a href=\"https:\/\/webdesignledger.com\/freebies\/40-beautiful-patterns-and-textures-for-ornate-backgrounds\" target=\"_blank\" rel=\"noopener\">WDL<\/a> (Wandmuster-Texturen)<\/td><\/tr><\/tbody><\/table><\/figure>\n\n<p>Um eine Oberfl\u00e4che mit einer sich wiederholenden Textur, wie einem Wandmuster, zu bedecken, solltest du eine nahtlose Textur bevorzugen.<\/p>\n\n<p>Um die Leistung von <a href=\"https:\/\/www.sweethome3d.com\/de\/\">Sweet Home 3D<\/a> nicht zu beeintr\u00e4chtigen, importiere keine Bilder mit hoher Aufl\u00f6sung (im Allgemeinen liefern Bilder mit 256&#215;256 Pixeln bereits gute Ergebnisse). Wenn du die Aufl\u00f6sung eines Bildes reduzieren musst, solltest du eine bessere JPEG-Qualit\u00e4t einer h\u00f6heren Aufl\u00f6sung vorziehen. <\/p>\n\n<p>Bitte beachten Sie die Lizenz der Texturen, die Sie auf diesen Websites <a href=\"https:\/\/www.sweethome3d.com\/de\/download\/\" data-type=\"link\" data-id=\"https:\/\/www.sweethome3d.com\/download\/\">herunterladen<\/a> k\u00f6nnen.<\/p>\n\n<div style=\"height:30px\" aria-hidden=\"true\" class=\"wp-block-spacer\"><\/div>\n\n<p><\/p>\n","protected":false},"excerpt":{"rendered":"<p>Diese Seite listet einige Quellen f\u00fcr kostenlose Texturbilder auf, die du in Sweet Home 3D importieren kannst.<\/p>\n","protected":false},"author":4,"featured_media":2843,"parent":0,"menu_order":0,"comment_status":"closed","ping_status":"closed","template":"page-resources.php","meta":{"inline_featured_image":false,"footnotes":""},"class_list":["post-2846","page","type-page","status-publish","has-post-thumbnail","hentry"],"_links":{"self":[{"href":"https:\/\/www.sweethome3d.com\/de\/wp-json\/wp\/v2\/pages\/2846","targetHints":{"allow":["GET"]}}],"collection":[{"href":"https:\/\/www.sweethome3d.com\/de\/wp-json\/wp\/v2\/pages"}],"about":[{"href":"https:\/\/www.sweethome3d.com\/de\/wp-json\/wp\/v2\/types\/page"}],"author":[{"embeddable":true,"href":"https:\/\/www.sweethome3d.com\/de\/wp-json\/wp\/v2\/users\/4"}],"replies":[{"embeddable":true,"href":"https:\/\/www.sweethome3d.com\/de\/wp-json\/wp\/v2\/comments?post=2846"}],"version-history":[{"count":4,"href":"https:\/\/www.sweethome3d.com\/de\/wp-json\/wp\/v2\/pages\/2846\/revisions"}],"predecessor-version":[{"id":26658,"href":"https:\/\/www.sweethome3d.com\/de\/wp-json\/wp\/v2\/pages\/2846\/revisions\/26658"}],"wp:featuredmedia":[{"embeddable":true,"href":"https:\/\/www.sweethome3d.com\/de\/wp-json\/wp\/v2\/media\/2843"}],"wp:attachment":[{"href":"https:\/\/www.sweethome3d.com\/de\/wp-json\/wp\/v2\/media?parent=2846"}],"curies":[{"name":"wp","href":"https:\/\/api.w.org\/{rel}","templated":true}]}}