{"id":7177,"date":"2025-11-11T14:18:00","date_gmt":"2025-11-11T14:18:00","guid":{"rendered":"https:\/\/www.sweethome3d.com\/dary\/"},"modified":"2026-02-10T14:03:14","modified_gmt":"2026-02-10T14:03:14","slug":"dary","status":"publish","type":"page","link":"https:\/\/www.sweethome3d.com\/cs\/dary\/","title":{"rendered":"Dary"},"content":{"rendered":"\n<div class=\"wp-block-group is-vertical is-layout-flex wp-container-core-group-is-layout-8cf370e7 wp-block-group-is-layout-flex\">\n<p class=\"has-text-align-left\"><a href=\"\/\">Sweet Home 3D<\/a> v\u00e1m \u00fasp\u011b\u0161n\u011b pomohl ve va\u0161em projektu?<br\/>L\u00edb\u00ed se v\u00e1m podpora, kterou tato webov\u00e1 str\u00e1nka nab\u00edz\u00ed?<br\/>Oce\u0148ujete absenci reklam na t\u00e9to str\u00e1nce?<\/p>\n\n\n\n<p class=\"has-text-align-left\">Tak\u2026 u\u017e nev\u00e1hejte! Podpo\u0159te <a href=\"https:\/\/www.sweethome3d.com\/cs\/ke-stazeni\/\">Sweet Home 3D<\/a> a p\u0159isp\u011bjte na tento projekt.<br\/>Budeme si toho velmi v\u00e1\u017eit. <\/p>\n\n\n\n<p class=\"has-text-align-left\">Sta\u010d\u00ed zadat \u010d\u00e1stku va\u0161eho daru n\u00ed\u017ee<br\/>a kliknout na tla\u010d\u00edtko <em>Donate<\/em> Paypal.<\/p>\n\n\n\n<div style=\"height:25px;width:0px\" aria-hidden=\"true\" class=\"wp-block-spacer wp-container-content-c00f5982\"><\/div>\n\n\n\n<p class=\"has-text-align-left\">\n\t<div id=\"donate-button-container\" style=\"text-align:center; margin:0 auto;\">\n\t\t<div id=\"donate-button\" data-action=\"wce_donate\"><\/div>\n\t\t<script src=\"https:\/\/www.paypalobjects.com\/donate\/sdk\/donate-sdk.js\" charset=\"UTF-8\"><\/script>\n\t\t<script>\n\t\t\tPayPal.Donation.Button({\n\t\t\t\tenv: 'production',\n\t\t\t\thosted_button_id: 'Q2F4V9B6WMY7N',\n\t\t\t}).render('#donate-button');\n\t\t<\/script>\n\t<\/div>\n\n\t<\/p>\n<\/div>\n","protected":false},"excerpt":{"rendered":"<p>Sweet Home 3D v\u00e1m \u00fasp\u011b\u0161n\u011b pomohl ve va\u0161em projektu?L\u00edb\u00ed se v\u00e1m podpora, kterou tato webov\u00e1 str\u00e1nka nab\u00edz\u00ed?Oce\u0148ujete absenci reklam na t\u00e9to str\u00e1nce? Tak\u2026 u\u017e nev\u00e1hejte! Podpo\u0159te Sweet Home 3D a p\u0159isp\u011bjte na tento projekt.Budeme si toho velmi v\u00e1\u017eit. Sta\u010d\u00ed zadat \u010d\u00e1stku va\u0161eho daru n\u00ed\u017eea kliknout na tla\u010d\u00edtko Donate Paypal.<\/p>\n","protected":false},"author":2,"featured_media":7176,"parent":0,"menu_order":0,"comment_status":"closed","ping_status":"closed","template":"page-resources.php","meta":{"inline_featured_image":false,"footnotes":""},"class_list":["post-7177","page","type-page","status-publish","has-post-thumbnail","hentry"],"_links":{"self":[{"href":"https:\/\/www.sweethome3d.com\/cs\/wp-json\/wp\/v2\/pages\/7177","targetHints":{"allow":["GET"]}}],"collection":[{"href":"https:\/\/www.sweethome3d.com\/cs\/wp-json\/wp\/v2\/pages"}],"about":[{"href":"https:\/\/www.sweethome3d.com\/cs\/wp-json\/wp\/v2\/types\/page"}],"author":[{"embeddable":true,"href":"https:\/\/www.sweethome3d.com\/cs\/wp-json\/wp\/v2\/users\/2"}],"replies":[{"embeddable":true,"href":"https:\/\/www.sweethome3d.com\/cs\/wp-json\/wp\/v2\/comments?post=7177"}],"version-history":[{"count":2,"href":"https:\/\/www.sweethome3d.com\/cs\/wp-json\/wp\/v2\/pages\/7177\/revisions"}],"predecessor-version":[{"id":26818,"href":"https:\/\/www.sweethome3d.com\/cs\/wp-json\/wp\/v2\/pages\/7177\/revisions\/26818"}],"wp:featuredmedia":[{"embeddable":true,"href":"https:\/\/www.sweethome3d.com\/cs\/wp-json\/wp\/v2\/media\/7176"}],"wp:attachment":[{"href":"https:\/\/www.sweethome3d.com\/cs\/wp-json\/wp\/v2\/media?parent=7177"}],"curies":[{"name":"wp","href":"https:\/\/api.w.org\/{rel}","templated":true}]}}