{"id":4142,"date":"2025-09-11T08:47:20","date_gmt":"2025-09-11T08:47:20","guid":{"rendered":"https:\/\/www.sweethome3d.com\/zasady-ochrany-osobnich-udaju\/"},"modified":"2025-12-03T15:39:16","modified_gmt":"2025-12-03T15:39:16","slug":"zasady-ochrany-osobnich-udaju","status":"publish","type":"page","link":"https:\/\/www.sweethome3d.com\/cs\/zasady-ochrany-osobnich-udaju\/","title":{"rendered":"Z\u00e1sady ochrany osobn\u00edch \u00fadaj\u016f"},"content":{"rendered":"\n<p>Spole\u010dnost Space Mushrooms, vlastn\u00edk softwaru a autorsk\u00fdch pr\u00e1v <a href=\"https:\/\/www.sweethome3d.com\/cs\/\">Sweet Home 3D<\/a> a <code>sweethome3d.com<\/code> webov\u00fdch str\u00e1nek, neshroma\u017e\u010fuje \u017e\u00e1dn\u00e9 soukrom\u00e9 \u00fadaje na <code>sweethome3d.com<\/code> webov\u00fdch str\u00e1nk\u00e1ch, s v\u00fdjimkou u\u017eivatel\u016f <a href=\"\/support\/forum\/registermember\" target=\"_blank\" rel=\"noreferrer noopener\">registrovan\u00fdch<\/a> ve <a href=\"\/support\/forum\/?lang=en\" target=\"_blank\" rel=\"noreferrer noopener\">f\u00f3ru<\/a>. Protokoly o provozu ulo\u017een\u00e9 na serveru nejsou ve\u0159ejn\u00e9 a <x id=\"gid_4\"><\/x> nezobrazuje \u017e\u00e1dn\u00e9 reklamy.<br\/>V\u011bt\u0161ina str\u00e1nek publikovan\u00fdch na <x id=\"gid_5\"><\/x> webov\u00fdch str\u00e1nk\u00e1ch nicm\u00e9n\u011b zobrazuje logo Sourceforge, n\u011bkolik str\u00e1nek zobrazuje videa hostovan\u00e1 jinde a f\u00f3rum umo\u017e\u0148uje u\u017eivatel\u016fm sd\u00edlet obr\u00e1zky hostovan\u00e9 na jin\u00fdch webov\u00fdch str\u00e1nk\u00e1ch. Tyto obr\u00e1zky a videa poch\u00e1zej\u00ed z <code>sourceforge.net<\/code>, <code>youtube.com<\/code>, <code>dailymotion.com<\/code> a dal\u0161\u00edch webov\u00fdch server\u016f, co\u017e p\u0159\u00edpadn\u011b umo\u017e\u0148uje vlastn\u00edk\u016fm t\u011bchto webov\u00fdch str\u00e1nek sledovat n\u00e1v\u0161t\u011bvy u\u017eivatel\u016f na <code>sweethome3d.com<\/code> webov\u00fdch str\u00e1nk\u00e1ch dle jejich uv\u00e1\u017een\u00ed.  <\/p>\n\n<p>U registrovan\u00fdch u\u017eivatel\u016f se data ulo\u017een\u00e1 na <code>sweethome3d.com<\/code> skl\u00e1daj\u00ed z:<\/p>\n\n<ul class=\"wp-block-list pl-16\">\n<li>informace poskytnut\u00e9 p\u0159i registraci (alespo\u0148 p\u0159ihla\u0161ovac\u00ed jm\u00e9no, za\u0161ifrovan\u00e9 heslo a e-mail)<\/li>\n\n\n\n<li>jejich zpr\u00e1vy zve\u0159ejn\u011bn\u00e9 ve <a href=\"\/support\/forum\/?lang=en\" target=\"_blank\" rel=\"noreferrer noopener\">f\u00f3ru<\/a><\/li>\n\n\n\n<li>online domy, kter\u00e9 vytvo\u0159ili v <a href=\"\/online-manager\/\">Sweet Home 3D Online<\/a> nebo exportovali ve <a href=\"\/exported-homes-manager\/\">Spr\u00e1vci exportovan\u00fdch dom\u016f<\/a>.<\/li>\n<\/ul>\n\n<p>Data o domech jsou soukrom\u00e1, pokud u\u017eivatel v\u00fdslovn\u011b nesouhlas\u00ed s jejich ve\u0159ejn\u00fdm sd\u00edlen\u00edm. Ka\u017ed\u00fd u\u017eivatel m\u016f\u017ee sv\u00e1 vlastn\u00ed data z\u00edskat s\u00e1m nebo po\u017e\u00e1dat o jejich odstran\u011bn\u00ed, pokud je to nutn\u00e9, a to p\u00edsemn\u011b na adrese <g id=\"gid_0\">info@sweethome3d.com<\/g>. Spole\u010dnost Space Mushrooms zaru\u010duje, \u017ee budou p\u0159ijata ve\u0161ker\u00e1 nezbytn\u00e1 opat\u0159en\u00ed k zaji\u0161t\u011bn\u00ed toho, aby data o domech u\u017eivatel\u016f spravovan\u00e1 pod p\u0159edchoz\u00edm vlastnictv\u00edm webov\u00fdch str\u00e1nek eTeks nebyla nikdy pou\u017eita k \u017e\u00e1dn\u00e9mu \u00fa\u010delu bez informov\u00e1n\u00ed u\u017eivatel\u016f.  <\/p>\n\n<p><strong>Aplikace distribuovan\u00e9 prost\u0159ednictv\u00edm obchod\u016f t\u0159et\u00edch stran<\/strong><br\/>Informace o u\u017eivatel\u00edch, kte\u0159\u00ed si <a href=\"\/download\/\">st\u00e1hnou<\/a> a nainstaluj\u00ed Sweet Home 3D nebo Sweet Home 3D Mobile z Mac App Store, App Store, Microsoft Store, Google Play nebo Amazonu, spravuj\u00ed p\u0159edev\u0161\u00edm tyto spole\u010dnosti. Spole\u010dnost Space Mushrooms neobdr\u017e\u00ed od t\u011bchto platforem \u017e\u00e1dn\u00e9 osobn\u00ed \u00fadaje o u\u017eivatel\u00edch. <\/p>\n\n<p><strong>Anal\u00fdzy a sledov\u00e1n\u00ed v aplikac\u00edch<\/strong><br\/>Na\u0161e verze Sweet Home 3D pro iOS a macOS zahrnuj\u00ed Firebase Analytics pro \u00fa\u010dely vylep\u0161en\u00ed aplikace. Firebase Analytics shroma\u017e\u010fuje data, jako jsou anonymn\u00ed statistiky pou\u017e\u00edv\u00e1n\u00ed aplikace a hl\u00e1\u0161en\u00ed o p\u00e1dech. Tato data nejsou propojena s va\u0161\u00ed identitou a slou\u017e\u00ed v\u00fdhradn\u011b ke zlep\u0161en\u00ed funk\u010dnosti aplikace a u\u017eivatelsk\u00e9ho z\u00e1\u017eitku. Prost\u0159ednictv\u00edm Firebase neshroma\u017e\u010fujeme \u017e\u00e1dn\u00e9 osobn\u00ed \u00fadaje, jako jsou jm\u00e9na nebo e-maily.   <\/p>\n\n<p>Viz tak\u00e9 <a href=\"https:\/\/www.sweethome3d.com\/cs\/pravni-upozorneni\/\" data-type=\"page\" data-id=\"465\">pr\u00e1vn\u00ed upozorn\u011bn\u00ed<\/a> pro v\u00edce informac\u00ed o Space Mushrooms a Sweet Home 3D.<\/p>\n","protected":false},"excerpt":{"rendered":"<p>Spole\u010dnost Space Mushrooms, vlastn\u00edk softwaru a autorsk\u00fdch pr\u00e1v Sweet Home 3D a sweethome3d.com webov\u00fdch str\u00e1nek, neshroma\u017e\u010fuje \u017e\u00e1dn\u00e9 soukrom\u00e9 \u00fadaje na sweethome3d.com webov\u00fdch str\u00e1nk\u00e1ch, s v\u00fdjimkou u\u017eivatel\u016f registrovan\u00fdch ve f\u00f3ru. Protokoly o provozu ulo\u017een\u00e9 na serveru nejsou ve\u0159ejn\u00e9 a nezobrazuje \u017e\u00e1dn\u00e9 reklamy.V\u011bt\u0161ina str\u00e1nek publikovan\u00fdch na webov\u00fdch str\u00e1nk\u00e1ch nicm\u00e9n\u011b zobrazuje logo Sourceforge, n\u011bkolik str\u00e1nek zobrazuje videa hostovan\u00e1<a href=\"https:\/\/www.sweethome3d.com\/cs\/zasady-ochrany-osobnich-udaju\/\">Continue reading <span class=\"sr-only\">&#8222;Z\u00e1sady ochrany osobn\u00edch \u00fadaj\u016f&#8220;<\/span><\/a><\/p>\n","protected":false},"author":4,"featured_media":4141,"parent":0,"menu_order":0,"comment_status":"closed","ping_status":"open","template":"page-resources.php","meta":{"inline_featured_image":false,"footnotes":""},"class_list":["post-4142","page","type-page","status-publish","has-post-thumbnail","hentry"],"_links":{"self":[{"href":"https:\/\/www.sweethome3d.com\/cs\/wp-json\/wp\/v2\/pages\/4142","targetHints":{"allow":["GET"]}}],"collection":[{"href":"https:\/\/www.sweethome3d.com\/cs\/wp-json\/wp\/v2\/pages"}],"about":[{"href":"https:\/\/www.sweethome3d.com\/cs\/wp-json\/wp\/v2\/types\/page"}],"author":[{"embeddable":true,"href":"https:\/\/www.sweethome3d.com\/cs\/wp-json\/wp\/v2\/users\/4"}],"replies":[{"embeddable":true,"href":"https:\/\/www.sweethome3d.com\/cs\/wp-json\/wp\/v2\/comments?post=4142"}],"version-history":[{"count":1,"href":"https:\/\/www.sweethome3d.com\/cs\/wp-json\/wp\/v2\/pages\/4142\/revisions"}],"predecessor-version":[{"id":4143,"href":"https:\/\/www.sweethome3d.com\/cs\/wp-json\/wp\/v2\/pages\/4142\/revisions\/4143"}],"wp:featuredmedia":[{"embeddable":true,"href":"https:\/\/www.sweethome3d.com\/cs\/wp-json\/wp\/v2\/media\/4141"}],"wp:attachment":[{"href":"https:\/\/www.sweethome3d.com\/cs\/wp-json\/wp\/v2\/media?parent=4142"}],"curies":[{"name":"wp","href":"https:\/\/api.w.org\/{rel}","templated":true}]}}