{"id":4039,"date":"2025-09-18T11:56:35","date_gmt":"2025-09-18T11:56:35","guid":{"rendered":"https:\/\/www.sweethome3d.com\/pluginy-a-nastroje\/"},"modified":"2026-02-10T14:13:51","modified_gmt":"2026-02-10T14:13:51","slug":"pluginy-a-nastroje","status":"publish","type":"page","link":"https:\/\/www.sweethome3d.com\/cs\/pluginy-a-nastroje\/","title":{"rendered":"Pluginy a n\u00e1stroje"},"content":{"rendered":"\n<h2 class=\"wp-block-heading\" id=\"plug-ins\" style=\"font-style:normal;font-weight:600\">Pluginy<\/h2>\n\n<p>N\u00e1sleduj\u00edc\u00ed tabulka uv\u00e1d\u00ed nejzaj\u00edmav\u011bj\u0161\u00ed pluginy poskytovan\u00e9 spole\u010dnost\u00ed Space Mushrooms nebo v\u00fdvoj\u00e1\u0159i, kte\u0159\u00ed je navrhli v syst\u00e9mu sledov\u00e1n\u00ed <a href=\"https:\/\/sourceforge.net\/p\/sweethome3d\/plug-ins\" target=\"_blank\" rel=\"noopener\">Plug-ins Contributions<\/a>. Z\u00e1suvn\u00fd modul nab\u00edz\u00ed dal\u0161\u00ed <a href=\"https:\/\/www.sweethome3d.com\/cs\/funkce-aplikace-sweet-home-3d\/\" data-type=\"link\" data-id=\"https:\/\/www.sweethome3d.com\/features\/\">funkce v<\/a> programu <a href=\"https:\/\/www.sweethome3d.com\/cs\/ke-stazeni\/\" data-type=\"page\" data-id=\"396\">Sweet Home 3D<\/a> a lze jej nainstalovat poklep\u00e1n\u00edm na jeho soubor SH3P. Pokud pod Linuxem nefunguje, nainstalujte jej pomoc\u00ed p\u0159\u00edkazu <em>Termin\u00e1lu<\/em> <code><em>path<\/em>\/<em>to<\/em>\/<strong>SweetHome3D<\/strong> <em>path<\/em>\/<em>to<\/em>\/<em>plugin.sh3p<\/em><\/code> nebo zkop\u00edrujte soubor SH3P do podslo\u017eky <code>.eteks\/sweethome3d\/plugins<\/code> va\u0161\u00ed u\u017eivatelsk\u00e9 slo\u017eky. <\/p>\n\n<figure class=\"wp-block-flexible-table-block-table alignwide is-content-justification-center is-style-default table-plugins table-overflow-x\"><table class=\"has-fixed-layout\" style=\"border-collapse:collapse;border-color:#F0F0F0\"><thead><tr><th style=\"text-align:center\">Plugin<\/th><th style=\"text-align:center\">Poskytovatel<\/th><th style=\"text-align:center\">Podpora Zp\u011bt\/Vp\u0159ed<\/th><th style=\"text-align:center\">Podporov\u00e1no v Java Web Start<\/th><th style=\"text-align:center;width:500px\">Popis<\/th><\/tr><\/thead><tbody><tr><td style=\"text-align:left\"><a href=\"\/storage\/plugins\/CopyAsNewFurniturePlugin-1.3.1.sh3p\">CopyAsNewFurniturePlugin-1.3.1.sh3p<\/a><br>(29 kB &#8211; v\u010detn\u011b zdrojov\u00e9ho k\u00f3du)<\/td><td style=\"text-align:center\">Space Mushrooms<\/td><td style=\"text-align:center\">N\/A<\/td><td style=\"text-align:center\">Ne<\/td><td>P\u0159id\u00e1v\u00e1 polo\u017eku menu <em>N\u00e1stroje &gt; Kop\u00edrovat jako nov\u00fd n\u00e1bytek<\/em>, kter\u00e1 kop\u00edruje vybran\u00e9 objekty v pl\u00e1nu jako nov\u00fd kus n\u00e1bytku do schr\u00e1nky (<a href=\"https:\/\/www.sweethome3d.com\/support\/forum\/viewthread_thread,1331_offset,11\">v\u00edce informac\u00ed<\/a>)<\/td><\/tr><tr><td><a href=\"\/storage\/plugins\/ShapeGenerator-1.2.1.sh3p\">ShapeGenerator-1.2.1.sh3p<\/a><br>(53 kB &#8211; v\u010detn\u011b zdrojov\u00e9ho k\u00f3du)<\/td><td style=\"text-align:center\">Space Mushrooms<\/td><td style=\"text-align:center\">Ano<\/td><td style=\"text-align:center\">Ne<\/td><td>P\u0159id\u00e1v\u00e1 polo\u017eku menu <em>N\u00e1stroje &gt; Generovat 3D tvar<\/em>, kter\u00e1 vytv\u00e1\u0159\u00ed 3D tvar ze sou\u0159adnic 8 vrchol\u016f zadan\u00fdch u\u017eivatelem (<a href=\"https:\/\/www.sweethome3d.com\/support\/forum\/viewthread_thread,6600\">v\u00edce informac\u00ed<\/a>)<\/td><\/tr><tr><td><a href=\"\/storage\/plugins\/StaircaseGenerator-1.0.1.sh3p\">StaircaseGenerator-1.0.1.sh3p<\/a><br>(150 kB &#8211; v\u010detn\u011b zdrojov\u00e9ho k\u00f3du)<\/td><td style=\"text-align:center\">Space Mushrooms<br><br><\/td><td style=\"text-align:center\">Ano<\/td><td style=\"text-align:center\">Ne<\/td><td>P\u0159id\u00e1v\u00e1 polo\u017eku menu <em>N\u00e1stroje &gt; Generovat schodi\u0161t\u011b<\/em>, kter\u00e1 vytv\u00e1\u0159\u00ed 3D tvar schodi\u0161t\u011b z po\u010dtu schod\u016f a jejich velikosti (<a href=\"https:\/\/www.sweethome3d.com\/support\/forum\/viewthread_thread,12160\">v\u00edce informac\u00ed<\/a>)<\/td><\/tr><tr><td><a href=\"\/storage\/plugins\/TerrainGenerator-1.2.2.sh3p\">TerrainGenerator-1.2.2.sh3p<\/a><br>(111 kB &#8211; v\u010detn\u011b zdrojov\u00e9ho k\u00f3du)<\/td><td style=\"text-align:center\">Space Mushrooms<\/td><td style=\"text-align:center\">Ano<\/td><td style=\"text-align:center\">Ne<\/td><td>P\u0159id\u00e1v\u00e1 polo\u017eku menu <em>N\u00e1stroje &gt; Generovat 3D ter\u00e9n z m\u00edstnost\u00ed<\/em>, kter\u00e1 vytv\u00e1\u0159\u00ed 3D tvar z vybran\u00e9ho povrchu m\u00edstnost\u00ed deformovan\u00e9ho u\u017eivatelem (<a href=\"https:\/\/www.sweethome3d.com\/support\/forum\/viewthread_thread,10995\">v\u00edce informac\u00ed<\/a>)<\/td><\/tr><tr><td><a href=\"\/storage\/plugins\/SideView-1.1.1.sh3p\">SideView-1.1.1.sh3p<\/a><br>(44 kB &#8211; v\u010detn\u011b zdrojov\u00e9ho k\u00f3du)<\/td><td style=\"text-align:center\">Space Mushrooms<\/td><td style=\"text-align:center\">N\/A<\/td><td style=\"text-align:center\">Ne<\/td><td>P\u0159id\u00e1v\u00e1 polo\u017eku menu <em>N\u00e1stroje &gt; Zobrazit bo\u010dn\u00ed pohled<\/em>, kter\u00e1 zobrazuje bo\u010dn\u00ed pohled na upravovan\u00fd domov s mo\u017enost\u00ed ulo\u017een\u00ed (<a href=\"https:\/\/www.sweethome3d.com\/support\/forum\/viewthread_thread,11011\">v\u00edce informac\u00ed<\/a>)<\/td><\/tr><tr><td><a href=\"\/storage\/plugins\/ExportPlanImage-1.0.3.sh3p\">ExportPlanImage-1.0.3.sh3p<\/a><br>(29 kB &#8211; v\u010detn\u011b zdrojov\u00e9ho k\u00f3du)<\/td><td style=\"text-align:center\">Space Mushrooms<\/td><td style=\"text-align:center\">N\/A<\/td><td style=\"text-align:center\">Ne<\/td><td>P\u0159id\u00e1v\u00e1 polo\u017eku menu <em>N\u00e1bytek &gt; Exportovat pl\u00e1n do obr\u00e1zku<\/em>, kter\u00e1 exportuje obr\u00e1zek pl\u00e1nu do form\u00e1tu PNG nebo JPEG ve velikosti dle tv\u00e9ho v\u00fdb\u011bru<\/td><\/tr><tr><td><a href=\"\/storage\/plugins\/ExportToSH3F-1.1.1.sh3p\">ExportToSH3F-1.1.1.sh3p<\/a><br>(32 kB &#8211; v\u010detn\u011b zdrojov\u00e9ho k\u00f3du)<\/td><td style=\"text-align:center\">Space Mushrooms<\/td><td style=\"text-align:center\">N\/A<\/td><td style=\"text-align:center\">Ne<\/td><td>P\u0159id\u00e1v\u00e1 polo\u017eku menu <em>N\u00e1bytek &gt; Exportovat importovan\u00fd n\u00e1bytek do SH3F<\/em>, kter\u00e1 exportuje ve\u0161ker\u00fd n\u00e1bytek importovan\u00fd do katalogu <a href=\"https:\/\/www.sweethome3d.com\/cs\/\">Sweet Home 3D<\/a> do souboru SH3F (<a href=\"https:\/\/www.sweethome3d.com\/support\/forum\/viewthread_thread,966_offset,5\">v\u00edce informac\u00ed<\/a>)<\/td><\/tr><tr><td><a href=\"\/storage\/plugins\/ExportToSH3T-1.1.1.sh3p\">ExportToSH3T-1.1.1.sh3p<\/a><br>(30 kB &#8211; v\u010detn\u011b zdrojov\u00e9ho k\u00f3du)<\/td><td style=\"text-align:center\">Space Mushrooms<\/td><td style=\"text-align:center\">N\/A<\/td><td style=\"text-align:center\">Ne<\/td><td>P\u0159id\u00e1v\u00e1 polo\u017eku menu <em>N\u00e1bytek &gt; Exportovat importovan\u00e9 textury do SH3T<\/em>, kter\u00e1 exportuje v\u0161echny textury importovan\u00e9 do katalogu Sweet Home 3D do souboru SH3T (<a href=\"https:\/\/www.sweethome3d.com\/support\/forum\/viewthread_thread,12391\">v\u00edce informac\u00ed<\/a>)<\/td><\/tr><tr><td><a href=\"\/storage\/plugins\/ExportToHTML5-1.9.1.sh3p\">ExportToHTML5-1.9.1.sh3p<\/a><br>(391 kB &#8211; v\u010detn\u011b zdrojov\u00e9ho k\u00f3du)<\/td><td style=\"text-align:center\">Space Mushrooms<\/td><td style=\"text-align:center\">N\/A<\/td><td style=\"text-align:center\">Ne<\/td><td>P\u0159id\u00e1v\u00e1&nbsp;Polo\u017eka nab\u00eddky <em>N\u00e1stroje &gt; Export do HTML5<\/em>, kter\u00e1 exportuje 3D pohled upravovan\u00e9ho domu na str\u00e1nku HTML5, kterou lze zobrazit v jak\u00e9mkoli prohl\u00ed\u017ee\u010di WebGL (<a href=\"https:\/\/www.sweethome3d.com\/support\/forum\/viewthread_thread,6708\">\u010dt\u011bte v\u00edce<\/a>). Tento n\u00e1stroj je tak\u00e9 k dispozici prost\u0159ednictv\u00edm&nbsp;<a href=\"https:\/\/www.sweethome3d.com\/exportHomes.jsp\">Spr\u00e1vce exportovan\u00fdch domov\u016f<\/a>, kter\u00fd umo\u017e\u0148uje exportovat a hostovat SH3D soubory na webov\u00e9m serveru sweethome3d.com.<\/td><\/tr><tr><td><a href=\"\/storage\/plugins\/UpdateRoadLinesPlugin-1.0.1.sh3p\">UpdateRoadLinesPlugin-1.0.1.sh3p<\/a><br>(70 kB &#8211; v\u010detn\u011b zdrojov\u00e9ho k\u00f3du)<\/td><td style=\"text-align:center\">Space Mushrooms<\/td><td style=\"text-align:center\">Ano<\/td><td style=\"text-align:center\">Ano<\/td><td>P\u0159id\u00e1v\u00e1 polo\u017eku menu <em>N\u00e1stroje &gt; Upravit styl silni\u010dn\u00edch \u010dar<\/em>, kter\u00e1 umo\u017e\u0148uje u\u017eivateli vybrat <a href=\"https:\/\/fr.wikipedia.org\/wiki\/Signalisation_routi%C3%A8re_horizontale_en_France\" target=\"_blank\" rel=\"noopener\">francouzsk\u00fd styl silni\u010dn\u00edch \u010dar<\/a> pro vybran\u00e9 k\u0159ivky a jejich barvu (<a href=\"https:\/\/www.sweethome3d.com\/blog\/2018\/12\/10\/customization_for_the_forensic_police.html\">v\u00edce informac\u00ed<\/a>)<\/td><\/tr><tr><td><a href=\"\/storage\/plugins\/EvidenceMarkerGenerator-1.1.1.sh3p\">EvidenceMarkerGenerator-1.1.1.sh3p<\/a><br>(38 kB &#8211; v\u010detn\u011b zdrojov\u00e9ho k\u00f3du)<\/td><td style=\"text-align:center\">Space Mushrooms<\/td><td style=\"text-align:center\">Ano<\/td><td style=\"text-align:center\">Ne<\/td><td>P\u0159id\u00e1v\u00e1 polo\u017eku menu <em>N\u00e1stroje &gt; P\u0159idat zna\u010dku d\u016fkazu<\/em>, kter\u00e1 umo\u017e\u0148uje generovat \u010d\u00edslovanou zna\u010dku d\u016fkazu na polo\u017ece vybran\u00e9 v pl\u00e1nu (<a href=\"https:\/\/www.sweethome3d.com\/blog\/2018\/12\/10\/customization_for_the_forensic_police.html\">v\u00edce informac\u00ed<\/a>)<\/td><\/tr><tr><td><a href=\"https:\/\/sourceforge.net\/p\/sweethome3d\/plug-ins\/_discuss\/thread\/5e6557c2\/fef8\/attachment\/AdvancedEditing.sh3p\" target=\"_blank\" rel=\"noopener\">AdvancedEditing.sh3p<\/a><br>(135 kB &#8211; <a href=\"https:\/\/sourceforge.net\/p\/sweethome3d\/plug-ins\/_discuss\/thread\/5e6557c2\/fef8\/attachment\/AdvancedEditingPlugin-src.zip\" target=\"_blank\" rel=\"noopener\">zdrojov\u00fd k\u00f3d<\/a>)<\/td><td style=\"text-align:center\">Tobias Liefke<\/td><td style=\"text-align:center\">Ano<\/td><td style=\"text-align:center\">Ano<\/td><td>P\u0159id\u00e1v\u00e1 polo\u017eky menu&nbsp;<em>Upravit &gt; Oto\u010dit<\/em>,&nbsp;<em>Upravit &gt; P\u0159esunout<\/em>,&nbsp;<em>Upravit &gt; P\u0159eklopit<\/em>,&nbsp;<em>Upravit &gt; Zm\u011bnit velikost, N\u00e1bytek &gt; Zv\u00fd\u0161it<\/em>,&nbsp;<em>Pl\u00e1n &gt; Upravit body m\u00edstnosti<\/em>,&nbsp;<em>Pl\u00e1n &gt; Spojit zdi<\/em>, kter\u00e9 umo\u017e\u0148uj\u00ed upravit vybran\u00e9 objekty v pl\u00e1nu (<a href=\"https:\/\/www.sweethome3d.com\/support\/forum\/viewthread_thread,1757\">v\u00edce informac\u00ed<\/a>)<\/td><\/tr><tr><td><a href=\"https:\/\/sourceforge.net\/p\/sweethome3d\/plug-ins\/_discuss\/thread\/34cdde5620\/4c8d\/attachment\/Multiplier-2.2.sh3p\" target=\"_blank\" rel=\"noopener\">Multiplier-2.2.sh3p<\/a><br>(176 kB &#8211; v\u010detn\u011b zdrojov\u00e9ho k\u00f3du)<\/td><td style=\"text-align:center\">Dorin Vatavu<\/td><td style=\"text-align:center\">Ano<\/td><td style=\"text-align:center\">Ano<\/td><td>P\u0159id\u00e1v\u00e1 polo\u017eku menu <em>N\u00e1stroje &gt; N\u00e1sobit<\/em>, kter\u00e1 umo\u017e\u0148uje n\u00e1sobit a posouvat vybran\u00e9 objekty v pl\u00e1nu (<a href=\"https:\/\/www.sweethome3d.com\/support\/forum\/viewthread_thread,10554\">v\u00edce informac\u00ed<\/a>)<\/td><\/tr><tr><td><a href=\"https:\/\/sourceforge.net\/p\/sweethome3d\/plug-ins\/_discuss\/thread\/015d788700\/98fc\/attachment\/AutoDimensioning.sh3p\" target=\"_blank\" rel=\"noopener\">AutoDimensioning.sh3p<\/a><br>(44 kB &#8211; v\u010detn\u011b zdrojov\u00e9ho k\u00f3du)<\/td><td style=\"text-align:center\">Dorin Vatavu<\/td><td style=\"text-align:center\">Ano<\/td><td style=\"text-align:center\">Ano<\/td><td>P\u0159id\u00e1v\u00e1 polo\u017eku menu <em>N\u00e1stroje &gt; Automatick\u00e9 k\u00f3tov\u00e1n\u00ed<\/em>, kter\u00e1 umo\u017e\u0148uje generovat k\u00f3tovac\u00ed \u010d\u00e1ry pro cel\u00fd pl\u00e1n (<a href=\"https:\/\/www.sweethome3d.com\/support\/forum\/viewthread_thread,10955\">v\u00edce informac\u00ed<\/a>)<\/td><\/tr><tr><td><a href=\"https:\/\/sourceforge.net\/p\/sweethome3d\/plug-ins\/_discuss\/thread\/914cc4be82\/b551\/attachment\/GenerateRoof-4.5.sh3p\" target=\"_blank\" rel=\"noopener\">GenerateRoof-4.5.sh3p<\/a><br>(690 kB &#8211; v\u010detn\u011b zdrojov\u00e9ho k\u00f3du)<\/td><td style=\"text-align:center\">Dorin Vatavu<br><br><\/td><td style=\"text-align:center\">N\/A<\/td><td style=\"text-align:center\">Ne<\/td><td>P\u0159id\u00e1v\u00e1 polo\u017eku menu <em>N\u00e1stroje &gt; Generovat st\u0159echu<\/em>, kter\u00e1 umo\u017e\u0148uje generovat st\u0159echu s r\u016fzn\u00fdmi \u00fahly sklonu z tvaru vybran\u00e9 m\u00edstnosti (<a href=\"https:\/\/www.sweethome3d.com\/support\/forum\/viewthread_thread%2C11330\">v\u00edce informac\u00ed<\/a>)<\/td><\/tr><tr><td><a href=\"https:\/\/sourceforge.net\/p\/sweethome3d\/plug-ins\/_discuss\/thread\/182d97c5\/ad56\/attachment\/AdvancedSettingsPhotoRendering-1.4.1.sh3p\" target=\"_blank\" rel=\"noopener\">AdvancedSettings<br>PhotoRendering-1.4.1.sh3p<\/a><br>(52 kB &#8211; v\u010detn\u011b zdrojov\u00e9ho k\u00f3du)<\/td><td style=\"text-align:center\">Enko Nyito<\/td><td style=\"text-align:center\">N\/A<\/td><td style=\"text-align:center\">Ne<\/td><td>P\u0159id\u00e1v\u00e1 polo\u017eku menu <em>N\u00e1stroje &gt; Pokro\u010dil\u00e1 nastaven\u00ed foto renderov\u00e1n\u00ed<\/em>, kter\u00e1 umo\u017e\u0148uje upravit n\u011bkter\u00e9 <a href=\"https:\/\/sourceforge.net\/p\/sweethome3d\/code\/HEAD\/tree\/trunk\/SweetHome3D\/src\/com\/eteks\/sweethome3d\/j3d\/PhotoRenderer.properties\" target=\"_blank\" rel=\"noopener\">pokro\u010dil\u00e9 vlastnosti<\/a> pou\u017e\u00edvan\u00e9 foto renderery na dvou nejlep\u0161\u00edch \u00farovn\u00edch kvality (<a href=\"https:\/\/www.sweethome3d.com\/support\/forum\/viewthread_thread,6122_offset,20\">v\u00edce informac\u00ed<\/a>)<\/td><\/tr><tr><td><a href=\"https:\/\/sourceforge.net\/p\/sweethome3d\/plug-ins\/_discuss\/thread\/40b57f75\/5282\/attachment\/PhotoVideoRendering-2.8.zip\" target=\"_blank\" rel=\"noopener\">PhotoVideoRendering-2.8.zip<\/a><br>(15 MB &#8211; v\u010detn\u011b SH3P souboru a zdrojov\u00e9ho k\u00f3du)<\/td><td style=\"text-align:center\">Enko Nyito<\/td><td style=\"text-align:center\">N\/A<\/td><td style=\"text-align:center\">Ne<\/td><td>P\u0159id\u00e1v\u00e1 menu <em>Foto-video renderov\u00e1n\u00ed<\/em> s polo\u017ekami pro renderov\u00e1n\u00ed fotek a vide\u00ed s dal\u0161\u00edmi nastaven\u00edmi (<a href=\"https:\/\/sourceforge.net\/p\/sweethome3d\/plug-ins\/18\/\" target=\"_blank\" rel=\"noopener\">v\u00edce informac\u00ed<\/a>)<\/td><\/tr><\/tbody><\/table><\/figure>\n\n<p>Pro odinstalov\u00e1n\u00ed pluginu odstra\u0148 jeho SH3P soubor ze slo\u017eky plugin\u016f <a href=\"https:\/\/www.sweethome3d.com\/cs\/ke-stazeni\/\" data-type=\"page\" data-id=\"396\">Sweet Home 3D<\/a> a restartuj aplikaci. Tato slo\u017eka se zobraz\u00ed po kliknut\u00ed na jak\u00fdkoliv SH3P soubor uveden\u00fd v sekci <em>Pluginy<\/em> v panelu <em>Pou\u017e\u00edvan\u00e9 knihovny<\/em>. Tento panel se zobraz\u00ed po kliknut\u00ed na tla\u010d\u00edtko <em>Knihovny&#8230;<\/em> zobrazen\u00e9 ve spodn\u00ed \u010d\u00e1sti dialogov\u00e9ho okna <em>O aplikaci<\/em> Sweet Home 3D. Pokud chce\u0161 s\u00e1m programovat n\u011bjak\u00e9 pluginy, p\u0159e\u010dti si <a href=\"https:\/\/www.sweethome3d.com\/cs\/prirucka-pro-vyvojare-zasuvnych-modulu\/\" data-type=\"page\" data-id=\"4964\">P\u0159\u00edru\u010dku pro v\u00fdvoj\u00e1\u0159e plugin\u016f<\/a>.   <\/p>\n\n<div style=\"height:50px\" aria-hidden=\"true\" class=\"wp-block-spacer\"><\/div>\n\n<h2 class=\"wp-block-heading\" id=\"tools\" style=\"font-style:normal;font-weight:600\">N\u00e1stroje<\/h2>\n\n<p>N\u00e1sleduj\u00edc\u00ed tabulka uv\u00e1d\u00ed n\u011bkter\u00e9 dal\u0161\u00ed u\u017eite\u010dn\u00e9 n\u00e1stroje poskytovan\u00e9 Space Mushrooms pro <a href=\"https:\/\/www.sweethome3d.com\/cs\/ke-stazeni\/\" data-type=\"page\" data-id=\"396\">Sweet Home 3D<\/a>. Tyto n\u00e1stroje jsou dostupn\u00e9 jako spustiteln\u00e9 Jar soubory, kter\u00e9 lze spustit dvojit\u00fdm kliknut\u00edm po instalaci <a href=\"https:\/\/www.java.com\/\" target=\"_blank\" rel=\"noopener\">Javy<\/a> na tv\u00e9m syst\u00e9mu. Na macOS mus\u00ed b\u00fdt prvn\u00ed spu\u0161t\u011bn\u00ed Jar souboru sta\u017een\u00e9ho z internetu provedeno kliknut\u00edm na Jar soubor p\u0159i sou\u010dasn\u00e9m dr\u017een\u00ed kl\u00e1vesy <em>ctrl<\/em>, pak volbou <em>Otev\u0159\u00edt<\/em> v kontextov\u00e9 nab\u00eddce, kter\u00e1 se objev\u00ed.  <\/p>\n\n<figure class=\"wp-block-flexible-table-block-table alignwide is-content-justification-center table-tools table-overflow-x\"><table class=\"has-fixed-layout\" style=\"border-collapse:collapse\"><thead><tr><th style=\"text-align:center\">N\u00e1stroj<\/th><th style=\"text-align:center;width:500px\">Popis<\/th><\/tr><\/thead><tbody><tr><td style=\"text-align:left\"><a href=\"https:\/\/sourceforge.net\/projects\/sweethome3d\/files\/FurnitureLibraryEditor\/FurnitureLibraryEditor-2.2.jar\/download\" target=\"_blank\" rel=\"noopener\">FurnitureLibraryEditor-2.2.jar<\/a><br>(14.4 MB &#8211; <a href=\"https:\/\/sourceforge.net\/projects\/sweethome3d\/files\/FurnitureLibraryEditor-source\/FurnitureLibraryEditor-2.2-src.zip\" target=\"_blank\" rel=\"noopener\">zdrojov\u00fd k\u00f3d<\/a>)<\/td><td style=\"width:500px\">Tato aplikace umo\u017e\u0148uje vytvo\u0159it soubor knihovny n\u00e1bytku SH3F a upravovat vlastnosti 3D model\u016f, kter\u00e9 obsahuje (<a href=\"https:\/\/www.sweethome3d.com\/support\/forum\/viewthread_thread,1550\">v\u00edce informac\u00ed<\/a>)<\/td><\/tr><tr><td><a href=\"https:\/\/sourceforge.net\/projects\/sweethome3d\/files\/TexturesLibraryEditor\/TexturesLibraryEditor-2.1.jar\/download\" target=\"_blank\" rel=\"noopener\">TexturesLibraryEditor-2.1.jar<\/a><br>(1.2 MB &#8211; <a href=\"https:\/\/sourceforge.net\/projects\/sweethome3d\/files\/TexturesLibraryEditor-source\/TexturesLibraryEditor-2.1-src.zip\" target=\"_blank\" rel=\"noopener\">zdrojov\u00fd k\u00f3d<\/a>)<\/td><td style=\"width:500px\">Tato aplikace umo\u017e\u0148uje vytvo\u0159it soubor knihovny textur SH3T a upravovat vlastnosti obraz\u016f textur, kter\u00e9 obsahuje (<a href=\"https:\/\/www.sweethome3d.com\/support\/forum\/viewthread_thread,3502\">v\u00edce informac\u00ed<\/a>)<\/td><\/tr><tr><td><a href=\"\/storage\/downloads\/HugeFileCleaner-1.0.jar\">HugeFileCleaner-1.0.jar<\/a><br>(7 kB &#8211; v\u010detn\u011b zdrojov\u00e9ho k\u00f3du)<\/td><td style=\"width:500px\">Tato aplikace odstra\u0148uje neu\u017eite\u010dn\u00e9 z\u00e1znamy, kter\u00e9 se mohly objevit ve velk\u00fdch SH3D souborech (obecn\u011b v\u011bt\u0161\u00edch ne\u017e 500 MB) vytvo\u0159en\u00fdch ve verz\u00edch Sweet Home 3D star\u0161\u00edch ne\u017e 5.2, kdy\u017e jsi pou\u017eil seznam ned\u00e1vn\u00fdch textur zobrazen\u00fd v dialogu textur pro kop\u00edrov\u00e1n\u00ed textur 3D model\u016f nalezen\u00fdch v katalogu n\u00e1bytku (<a href=\"https:\/\/www.sweethome3d.com\/support\/forum\/viewthread_thread,6331_offset,21\">v\u00edce informac\u00ed<\/a>)<\/td><\/tr><tr><td><a href=\"https:\/\/apps.apple.com\/us\/app\/tape-measure\/id1437807477\" target=\"_blank\" rel=\"noopener\">M\u011b\u0159ic\u00ed p\u00e1smo<\/a><\/td><td style=\"width:500px\">Tato aplikace ti umo\u017e\u0148uje prov\u00e1d\u011bt m\u011b\u0159en\u00ed a vytvo\u0159it p\u0159esn\u00fd p\u016fdorys tv\u00e9ho domu skenov\u00e1n\u00edm prostoru kolem tebe a ozna\u010den\u00edm roh\u016f m\u00edstnost\u00ed. Pot\u00e9 m\u016f\u017ee\u0161 p\u016fdorys p\u0159\u00edmo importovat do Sweet Home 3D a za\u010d\u00edt na n\u011bm navrhovat. Pozn\u00e1mka: aplikace je zat\u00edm dostupn\u00e1 pouze pro iOS.<\/td><\/tr><\/tbody><\/table><\/figure>\n\n<p><\/p>\n","protected":false},"excerpt":{"rendered":"<p>Tato str\u00e1nka popisuje hlavn\u00ed pluginy a dal\u0161\u00ed n\u00e1stroje dostupn\u00e9 pro Sweet Home 3D.<\/p>\n","protected":false},"author":4,"featured_media":4038,"parent":0,"menu_order":0,"comment_status":"closed","ping_status":"closed","template":"page-resources.php","meta":{"inline_featured_image":false,"footnotes":""},"class_list":["post-4039","page","type-page","status-publish","has-post-thumbnail","hentry"],"_links":{"self":[{"href":"https:\/\/www.sweethome3d.com\/cs\/wp-json\/wp\/v2\/pages\/4039","targetHints":{"allow":["GET"]}}],"collection":[{"href":"https:\/\/www.sweethome3d.com\/cs\/wp-json\/wp\/v2\/pages"}],"about":[{"href":"https:\/\/www.sweethome3d.com\/cs\/wp-json\/wp\/v2\/types\/page"}],"author":[{"embeddable":true,"href":"https:\/\/www.sweethome3d.com\/cs\/wp-json\/wp\/v2\/users\/4"}],"replies":[{"embeddable":true,"href":"https:\/\/www.sweethome3d.com\/cs\/wp-json\/wp\/v2\/comments?post=4039"}],"version-history":[{"count":5,"href":"https:\/\/www.sweethome3d.com\/cs\/wp-json\/wp\/v2\/pages\/4039\/revisions"}],"predecessor-version":[{"id":16538,"href":"https:\/\/www.sweethome3d.com\/cs\/wp-json\/wp\/v2\/pages\/4039\/revisions\/16538"}],"wp:featuredmedia":[{"embeddable":true,"href":"https:\/\/www.sweethome3d.com\/cs\/wp-json\/wp\/v2\/media\/4038"}],"wp:attachment":[{"href":"https:\/\/www.sweethome3d.com\/cs\/wp-json\/wp\/v2\/media?parent=4039"}],"curies":[{"name":"wp","href":"https:\/\/api.w.org\/{rel}","templated":true}]}}