{"id":3547,"date":"2025-11-11T14:14:07","date_gmt":"2025-11-11T14:14:07","guid":{"rendered":"https:\/\/www.sweethome3d.com\/spravce-exportovanych-domu\/"},"modified":"2025-12-15T14:21:51","modified_gmt":"2025-12-15T14:21:51","slug":"spravce-exportovanych-domu","status":"publish","type":"page","link":"https:\/\/www.sweethome3d.com\/cs\/spravce-exportovanych-domu\/","title":{"rendered":"Spr\u00e1vce exportovan\u00fdch dom\u016f"},"content":{"rendered":"\n<p class=\"has-text-align-center\">Na z\u00e1klad\u011b <a href=\"\/support\/forum\/viewthread_thread,6708\" target=\"_blank\" rel=\"noreferrer noopener\">plug-inu Export do HTML5<\/a> tato slu\u017eba umo\u017e\u0148uje registrovan\u00fdm u\u017eivatel\u016fm nahr\u00e1t jejich soubory <a href=\"https:\/\/www.sweethome3d.com\/cs\/\">Sweet Home 3D<\/a> na tento webov\u00fd server, aby je mohli zobrazit ve 3D v jak\u00e9mkoli prohl\u00ed\u017ee\u010di kompatibiln\u00edm s WebGL, jako v <a href=\"\/viewHome.jsp?id=1\" target=\"_blank\" rel=\"noreferrer noopener\">tomto p\u0159\u00edkladu<\/a> zobrazen\u00e9m na sn\u00edmku obrazovky n\u00ed\u017ee, kter\u00fd zobrazuje soubor <em>SweetHome3DExample3.sh3d<\/em> dostupn\u00fd v <a href=\"https:\/\/www.sweethome3d.com\/cs\/galerie\/\">galerii<\/a>.<br\/>Pokud chcete pou\u017e\u00edt spr\u00e1vce exportovan\u00fdch dom\u016f, nejprve se <a href=\"\/support\/forum\/registermember\" target=\"_blank\" rel=\"noreferrer noopener\">zdarma zaregistrujte<\/a> do slu\u017eeb Sweet Home 3D a <a href=\"\/support\/forum\/login?url=https%3A%2F%2Fwww.sweethome3d.com%2FexportHomes.jsp&amp;forumLogin=false&amp;lang=en\" target=\"_blank\" rel=\"noreferrer noopener\">p\u0159ihlaste se<\/a>.<\/p>\n\n<div style=\"height:50px\" aria-hidden=\"true\" class=\"wp-block-spacer\"><\/div>\n\n<div class=\"wp-block-group is-content-justification-center is-nowrap is-layout-flex wp-container-core-group-is-layout-94bc23d7 wp-block-group-is-layout-flex\">\n<figure class=\"wp-block-image aligncenter size-full\"><img decoding=\"async\" width=\"1788\" height=\"1090\" data-src=\"https:\/\/www.sweethome3d.com\/wp-content\/uploads\/2025\/11\/Frame-327.png\" alt=\"\" class=\"wp-image-972 lazyload\" data-srcset=\"https:\/\/www.sweethome3d.com\/wp-content\/uploads\/2025\/11\/Frame-327.png 1788w, https:\/\/www.sweethome3d.com\/wp-content\/uploads\/2025\/11\/Frame-327-300x183.png 300w, https:\/\/www.sweethome3d.com\/wp-content\/uploads\/2025\/11\/Frame-327-1024x624.png 1024w, https:\/\/www.sweethome3d.com\/wp-content\/uploads\/2025\/11\/Frame-327-148x90.png 148w, https:\/\/www.sweethome3d.com\/wp-content\/uploads\/2025\/11\/Frame-327-768x468.png 768w, https:\/\/www.sweethome3d.com\/wp-content\/uploads\/2025\/11\/Frame-327-1536x936.png 1536w\" data-sizes=\"(max-width: 1788px) 100vw, 1788px\" src=\"data:image\/svg+xml;base64,PHN2ZyB3aWR0aD0iMSIgaGVpZ2h0PSIxIiB4bWxucz0iaHR0cDovL3d3dy53My5vcmcvMjAwMC9zdmciPjwvc3ZnPg==\" style=\"--smush-placeholder-width: 1788px; --smush-placeholder-aspect-ratio: 1788\/1090;\" \/><\/figure>\n<\/div>\n","protected":false},"excerpt":{"rendered":"<p>Na z\u00e1klad\u011b plug-inu Export do HTML5 tato slu\u017eba umo\u017e\u0148uje registrovan\u00fdm u\u017eivatel\u016fm nahr\u00e1t jejich soubory Sweet Home 3D na tento webov\u00fd server, aby je mohli zobrazit ve 3D v jak\u00e9mkoli prohl\u00ed\u017ee\u010di kompatibiln\u00edm s WebGL, jako v tomto p\u0159\u00edkladu zobrazen\u00e9m na sn\u00edmku obrazovky n\u00ed\u017ee, kter\u00fd zobrazuje soubor SweetHome3DExample3.sh3d dostupn\u00fd v galerii.Pokud chcete pou\u017e\u00edt spr\u00e1vce exportovan\u00fdch dom\u016f, nejprve<a href=\"https:\/\/www.sweethome3d.com\/cs\/spravce-exportovanych-domu\/\">Continue reading <span class=\"sr-only\">&#8222;Spr\u00e1vce exportovan\u00fdch dom\u016f&#8220;<\/span><\/a><\/p>\n","protected":false},"author":2,"featured_media":3546,"parent":0,"menu_order":0,"comment_status":"closed","ping_status":"closed","template":"page-export-homes.php","meta":{"inline_featured_image":false,"footnotes":""},"class_list":["post-3547","page","type-page","status-publish","has-post-thumbnail","hentry"],"_links":{"self":[{"href":"https:\/\/www.sweethome3d.com\/cs\/wp-json\/wp\/v2\/pages\/3547","targetHints":{"allow":["GET"]}}],"collection":[{"href":"https:\/\/www.sweethome3d.com\/cs\/wp-json\/wp\/v2\/pages"}],"about":[{"href":"https:\/\/www.sweethome3d.com\/cs\/wp-json\/wp\/v2\/types\/page"}],"author":[{"embeddable":true,"href":"https:\/\/www.sweethome3d.com\/cs\/wp-json\/wp\/v2\/users\/2"}],"replies":[{"embeddable":true,"href":"https:\/\/www.sweethome3d.com\/cs\/wp-json\/wp\/v2\/comments?post=3547"}],"version-history":[{"count":2,"href":"https:\/\/www.sweethome3d.com\/cs\/wp-json\/wp\/v2\/pages\/3547\/revisions"}],"predecessor-version":[{"id":7834,"href":"https:\/\/www.sweethome3d.com\/cs\/wp-json\/wp\/v2\/pages\/3547\/revisions\/7834"}],"wp:featuredmedia":[{"embeddable":true,"href":"https:\/\/www.sweethome3d.com\/cs\/wp-json\/wp\/v2\/media\/3546"}],"wp:attachment":[{"href":"https:\/\/www.sweethome3d.com\/cs\/wp-json\/wp\/v2\/media?parent=3547"}],"curies":[{"name":"wp","href":"https:\/\/api.w.org\/{rel}","templated":true}]}}