{"id":1957,"date":"2025-09-18T11:00:31","date_gmt":"2025-09-18T11:00:31","guid":{"rendered":"https:\/\/www.sweethome3d.com\/online\/"},"modified":"2026-02-10T14:02:23","modified_gmt":"2026-02-10T14:02:23","slug":"online","status":"publish","type":"page","link":"https:\/\/www.sweethome3d.com\/cs\/online\/","title":{"rendered":"Online"},"content":{"rendered":"\n<div class=\"wp-block-cover bg-blue-6 max-w-none\" style=\"min-height:700px;aspect-ratio:unset;\"><img decoding=\"async\" width=\"1024\" height=\"466\" class=\"wp-block-cover__image-background wp-image-3445 size-large lazyload\" alt=\"\" data-src=\"https:\/\/www.sweethome3d.com\/wp-content\/uploads\/2025\/11\/Blueprint-Style-Poster-1-1-1-1024x466.png\" data-object-fit=\"cover\" data-srcset=\"https:\/\/www.sweethome3d.com\/wp-content\/uploads\/2025\/11\/Blueprint-Style-Poster-1-1-1-1024x466.png 1024w, https:\/\/www.sweethome3d.com\/wp-content\/uploads\/2025\/11\/Blueprint-Style-Poster-1-1-1-300x137.png 300w, https:\/\/www.sweethome3d.com\/wp-content\/uploads\/2025\/11\/Blueprint-Style-Poster-1-1-1-198x90.png 198w, https:\/\/www.sweethome3d.com\/wp-content\/uploads\/2025\/11\/Blueprint-Style-Poster-1-1-1-768x350.png 768w, https:\/\/www.sweethome3d.com\/wp-content\/uploads\/2025\/11\/Blueprint-Style-Poster-1-1-1-1536x699.png 1536w, https:\/\/www.sweethome3d.com\/wp-content\/uploads\/2025\/11\/Blueprint-Style-Poster-1-1-1.png 2048w\" data-sizes=\"(max-width: 1024px) 100vw, 1024px\" src=\"data:image\/svg+xml;base64,PHN2ZyB3aWR0aD0iMSIgaGVpZ2h0PSIxIiB4bWxucz0iaHR0cDovL3d3dy53My5vcmcvMjAwMC9zdmciPjwvc3ZnPg==\" style=\"--smush-placeholder-width: 1024px; --smush-placeholder-aspect-ratio: 1024\/466;\" \/><span aria-hidden=\"true\" class=\"wp-block-cover__background has-background-dim-0 has-background-dim\" style=\"background-color:#564e47\"><\/span><div class=\"wp-block-cover__inner-container is-layout-flow wp-block-cover-is-layout-flow\">\n<div style=\"height:64px\" aria-hidden=\"true\" class=\"wp-block-spacer\"><\/div>\n\n\n\n<div class=\"wp-block-group  max-w-3xl mx-auto is-vertical is-content-justification-center is-layout-flex wp-container-core-group-is-layout-4b2eccd6 wp-block-group-is-layout-flex\">\n<div class=\"wp-block-group is-nowrap is-layout-flex wp-container-core-group-is-layout-ad2f72ca wp-block-group-is-layout-flex\">\n<h1 class=\"wp-block-heading has-text-align-center font-sf-pro\"><img decoding=\"async\" width=\"42\" height=\"48\" class=\"wp-image-930 lazyload\" style=\"--smush-placeholder-width: 42px; --smush-placeholder-aspect-ratio: 42\/48;width: 42px;\" data-src=\"https:\/\/www.sweethome3d.com\/wp-content\/uploads\/2025\/11\/image-7.png\" alt=\"\" src=\"data:image\/svg+xml;base64,PHN2ZyB3aWR0aD0iMSIgaGVpZ2h0PSIxIiB4bWxucz0iaHR0cDovL3d3dy53My5vcmcvMjAwMC9zdmciPjwvc3ZnPg==\" \/> Sweet home 3D online Manager<\/h1>\n<\/div>\n\n\n\n<div style=\"height:60px\" aria-hidden=\"true\" class=\"wp-block-spacer wp-container-content-1ac3d91d\"><\/div>\n\n\n\n<p class=\"has-text-align-center font-sf-pro has-3-xl-font-size\" style=\"font-style:normal;font-weight:500\">Navrhni sv\u016fj dom\u00e1c\u00ed pl\u00e1n p\u0159\u00edmo z prohl\u00ed\u017ee\u010de<\/p>\n\n\n\n<div style=\"height:60px\" aria-hidden=\"true\" class=\"wp-block-spacer wp-container-content-1ac3d91d\"><\/div>\n\n\n\n<div class=\"wp-block-buttons is-layout-flex wp-block-buttons-is-layout-flex\">\n<div class=\"wp-block-button\" data-action=\"wce_online_testonline_hyperlink\"><a class=\"wp-block-button__link has-blue-pure-background-color has-background wp-element-button\" href=\"\/SweetHome3DJSOnline.jsp\" style=\"font-style:normal;font-weight:500\">Vyzkou\u0161ej demo verzi <img decoding=\"async\" width=\"24\" height=\"24\" class=\"wp-image-681 lazyload\" style=\"--smush-placeholder-width: 24px; --smush-placeholder-aspect-ratio: 24\/24;width: 24px;\" data-src=\"https:\/\/www.sweethome3d.com\/wp-content\/uploads\/2025\/10\/arrow.png\" alt=\"\" src=\"data:image\/svg+xml;base64,PHN2ZyB3aWR0aD0iMSIgaGVpZ2h0PSIxIiB4bWxucz0iaHR0cDovL3d3dy53My5vcmcvMjAwMC9zdmciPjwvc3ZnPg==\" \/><\/a><\/div>\n<\/div>\n<\/div>\n<\/div><\/div>\n\n<div style=\"height:100px\" aria-hidden=\"true\" class=\"wp-block-spacer\"><\/div>\n\n<div class=\"wp-block-group alignwide gap-section is-layout-grid wp-container-core-group-is-layout-a2ecc09a wp-block-group-is-layout-grid\">\n<figure class=\"wp-block-video rounded-2xl overflow-hidden wp-container-content-ca36d4c3\"><video height=\"1332\" style=\"aspect-ratio: 1332 \/ 1332;\" width=\"1332\" autoplay=\"\" loop=\"\" muted=\"\" poster=\"https:\/\/www.sweethome3d.com\/wp-content\/uploads\/2025\/11\/Frame-265-1.png\" src=\"https:\/\/www.sweethome3d.com\/wp-content\/uploads\/2025\/11\/video-3.mp4\" playsinline=\"\"><\/video><\/figure>\n\n\n\n<div class=\"wp-block-group wp-container-content-ca36d4c3 is-vertical is-content-justification-left is-layout-flex wp-container-core-group-is-layout-0d4b66b7 wp-block-group-is-layout-flex\">\n<h2 class=\"wp-block-heading font-sf-pro wp-container-content-e29552f7\" style=\"font-style:normal;font-weight:600\">Vyzkou\u0161ej demo verzi Sweet home 3D JS online<\/h2>\n\n\n\n<p><a href=\"https:\/\/www.sweethome3d.com\/cs\/\">Sweet Home 3D<\/a> Online Manager je v\u00fdkonn\u00e1 slu\u017eba pro n\u00e1vrh interi\u00e9ru, kter\u00e1 ti umo\u017e\u0148uje navrhnout pl\u00e1n domu online p\u0159\u00edmo z tv\u00e9ho prohl\u00ed\u017ee\u010de, bez nutnosti instalace. Online verze nab\u00edz\u00ed mo\u017enost vyzkou\u0161et Sweet Home 3D p\u0159ed sta\u017een\u00edm. <\/p>\n\n\n\n<div style=\"height:0px;width:0px\" aria-hidden=\"true\" class=\"wp-block-spacer wp-container-content-1ac3d91d\"><\/div>\n\n\n\n<div class=\"wp-block-buttons is-layout-flex wp-block-buttons-is-layout-flex\">\n<div class=\"wp-block-button\" data-action=\"wce_online_testonline_hyperlink\"><a class=\"wp-block-button__link has-blue-pure-background-color has-background wp-element-button\" href=\"\/SweetHome3DJSOnline.jsp\" style=\"font-style:normal;font-weight:500\">Vyzkou\u0161ej Sweet Home 3D JS Online jako demo verzi <img decoding=\"async\" width=\"24\" height=\"24\" class=\"wp-image-681 lazyload\" style=\"--smush-placeholder-width: 24px; --smush-placeholder-aspect-ratio: 24\/24;width: 24px;\" data-src=\"https:\/\/www.sweethome3d.com\/wp-content\/uploads\/2025\/10\/arrow.png\" alt=\"\" src=\"data:image\/svg+xml;base64,PHN2ZyB3aWR0aD0iMSIgaGVpZ2h0PSIxIiB4bWxucz0iaHR0cDovL3d3dy53My5vcmcvMjAwMC9zdmciPjwvc3ZnPg==\" \/><\/a><\/div>\n<\/div>\n\n\n\n<div style=\"height:0px;width:0px\" aria-hidden=\"true\" class=\"wp-block-spacer wp-container-content-1ac3d91d\"><\/div>\n\n\n\n<p>Pokud pou\u017e\u00edv\u00e1\u0161 verzi Sweet Home 3D dostupnou ke <a href=\"https:\/\/www.sweethome3d.com\/cs\/ke-stazeni\/\">sta\u017een\u00ed<\/a>, m\u016f\u017ee\u0161 tak\u00e9 <a href=\"https:\/\/www.sweethome3d.com\/cs\/uzivatelska-prirucka-aplikace-sweet-home-3d\/#importing-home-blueprint\">importovat<\/a> soubor domu, kter\u00fd jsi navrhl, <a href=\"https:\/\/www.sweethome3d.com\/cs\/uzivatelska-prirucka-aplikace-sweet-home-3d\/#editing-3d-view\">zobrazit ho ve 2D \/ 3D<\/a>, upravit ho a <a href=\"https:\/\/www.sweethome3d.com\/cs\/uzivatelska-prirucka-aplikace-sweet-home-3d\/#export-to-obj-format\">exportovat<\/a> pomoc\u00ed tohoto n\u00e1stroje \u2014 co\u017e z n\u011bj d\u011bl\u00e1 praktick\u00fd gener\u00e1tor p\u016fdorys\u016f a software pro kreslen\u00ed interi\u00e9r\u016f.<br\/><br\/><a href=\"#download\">St\u00e1hni si plnou verzi<\/a> pro p\u0159\u00edstup k v\u00edce ne\u017e 10\u00a0000 <a href=\"https:\/\/www.sweethome3d.com\/cs\/import-3d-modelu\/\">3D model\u016fm<\/a>, 400 <a href=\"https:\/\/www.sweethome3d.com\/cs\/import-textur\/\">textur\u00e1m<\/a> a mo\u017enosti p\u0159idat jedine\u010dn\u00e9 funkce pro skute\u010dn\u011b p\u0159izp\u016fsoben\u00fd <a href=\"https:\/\/www.sweethome3d.com\/cs\/uzivatelska-prirucka-aplikace-sweet-home-3d\/#starting-a-new-home\">z\u00e1\u017eitek z navrhov\u00e1n\u00ed.<\/a><\/p>\n\n\n\n<div style=\"height:0px;width:0px\" aria-hidden=\"true\" class=\"wp-block-spacer wp-container-content-1ac3d91d\"><\/div>\n\n\n\n<div class=\"wp-block-buttons is-layout-flex wp-block-buttons-is-layout-flex\">\n<div class=\"wp-block-button font-inter\" data-append-os=\"true\" data-action=\"wce_online_download_direct\"><a class=\"wp-block-button__link has-white-color has-blue-pure-background-color has-text-color has-background has-link-color has-lg-font-size has-custom-font-size wp-element-button\" href=\"#download\" style=\"font-style:normal;font-weight:600\"><img decoding=\"async\" width=\"20\" height=\"20\" class=\"wp-image-641 lazyload\" style=\"--smush-placeholder-width: 20px; --smush-placeholder-aspect-ratio: 20\/20;width: 20px;\" data-src=\"https:\/\/www.sweethome3d.com\/wp-content\/uploads\/2025\/10\/Download.png\" alt=\"\" src=\"data:image\/svg+xml;base64,PHN2ZyB3aWR0aD0iMSIgaGVpZ2h0PSIxIiB4bWxucz0iaHR0cDovL3d3dy53My5vcmcvMjAwMC9zdmciPjwvc3ZnPg==\" \/> St\u00e1hn\u011bte si Sweet Home 3D<\/a><\/div>\n<\/div>\n<\/div>\n<\/div>\n\n<div style=\"height:100px\" aria-hidden=\"true\" class=\"wp-block-spacer\"><\/div>\n\n<div class=\"wp-block-group alignwide gap-section is-layout-grid wp-container-core-group-is-layout-a2ecc09a wp-block-group-is-layout-grid\">\n<div class=\"wp-block-group wp-container-content-ca36d4c3 is-vertical is-content-justification-left is-layout-flex wp-container-core-group-is-layout-0d4b66b7 wp-block-group-is-layout-flex\">\n<h2 class=\"wp-block-heading font-sf-pro wp-container-content-e29552f7\" style=\"font-style:normal;font-weight:600\">Jak pou\u017e\u00edvat Sweet home 3D JS online<\/h2>\n\n\n\n<p>Sweet Home 3D Online Manager je slu\u017eba, kter\u00e1 ti umo\u017e\u0148uje navrhovat p\u016fdorysy domu online v jak\u00e9mkoli prohl\u00ed\u017ee\u010di kompatibiln\u00edm s <a href=\"https:\/\/caniuse.com\/webgl\" target=\"_blank\" rel=\"noopener\">WebGL<\/a>.<\/p>\n\n\n\n<p>Tuto slu\u017ebu m\u016f\u017ee\u0161 vyzkou\u0161et kliknut\u00edm na odkaz n\u00ed\u017ee, ale pokud chce\u0161 m\u00edt mo\u017enost ulo\u017eit sv\u016fj n\u00e1vrh, nejprve se zdarma <a href=\"\/support\/forum\/registermember\">zaregistruj<\/a> a pak se <a href=\"\/support\/forum\/login?url=https%3A%2F%2Fwww.sweethome3d.com%2FSweetHome3DOnlineManager.jsp&amp;forumLogin=false&amp;lang=en\">p\u0159ihlas<\/a>.<\/p>\n<\/div>\n\n\n\n<figure class=\"wp-block-video rounded-2xl overflow-hidden wp-container-content-ca36d4c3\"><video height=\"1332\" style=\"aspect-ratio: 1332 \/ 1332;\" width=\"1332\" autoplay=\"\" loop=\"\" muted=\"\" poster=\"https:\/\/www.sweethome3d.com\/wp-content\/uploads\/2025\/11\/Frame-266.png\" src=\"https:\/\/www.sweethome3d.com\/wp-content\/uploads\/2025\/11\/video-1-2.mp4\" playsinline=\"\"><\/video><\/figure>\n<\/div>\n","protected":false},"excerpt":{"rendered":"<p>Vyzkou\u0161ej demo verzi Sweet home 3D JS online Sweet Home 3D Online Manager je v\u00fdkonn\u00e1 slu\u017eba pro n\u00e1vrh interi\u00e9ru, kter\u00e1 ti umo\u017e\u0148uje navrhnout pl\u00e1n domu online p\u0159\u00edmo z tv\u00e9ho prohl\u00ed\u017ee\u010de, bez nutnosti instalace. Online verze nab\u00edz\u00ed mo\u017enost vyzkou\u0161et Sweet Home 3D p\u0159ed sta\u017een\u00edm. Pokud pou\u017e\u00edv\u00e1\u0161 verzi Sweet Home 3D dostupnou ke sta\u017een\u00ed, m\u016f\u017ee\u0161 tak\u00e9 importovat<a href=\"https:\/\/www.sweethome3d.com\/cs\/online\/\">Continue reading <span class=\"sr-only\">&#8222;Online&#8220;<\/span><\/a><\/p>\n","protected":false},"author":4,"featured_media":1960,"parent":0,"menu_order":0,"comment_status":"closed","ping_status":"closed","template":"page-online.php","meta":{"inline_featured_image":false,"footnotes":""},"class_list":["post-1957","page","type-page","status-publish","has-post-thumbnail","hentry"],"_links":{"self":[{"href":"https:\/\/www.sweethome3d.com\/cs\/wp-json\/wp\/v2\/pages\/1957","targetHints":{"allow":["GET"]}}],"collection":[{"href":"https:\/\/www.sweethome3d.com\/cs\/wp-json\/wp\/v2\/pages"}],"about":[{"href":"https:\/\/www.sweethome3d.com\/cs\/wp-json\/wp\/v2\/types\/page"}],"author":[{"embeddable":true,"href":"https:\/\/www.sweethome3d.com\/cs\/wp-json\/wp\/v2\/users\/4"}],"replies":[{"embeddable":true,"href":"https:\/\/www.sweethome3d.com\/cs\/wp-json\/wp\/v2\/comments?post=1957"}],"version-history":[{"count":15,"href":"https:\/\/www.sweethome3d.com\/cs\/wp-json\/wp\/v2\/pages\/1957\/revisions"}],"predecessor-version":[{"id":26001,"href":"https:\/\/www.sweethome3d.com\/cs\/wp-json\/wp\/v2\/pages\/1957\/revisions\/26001"}],"wp:featuredmedia":[{"embeddable":true,"href":"https:\/\/www.sweethome3d.com\/cs\/wp-json\/wp\/v2\/media\/1960"}],"wp:attachment":[{"href":"https:\/\/www.sweethome3d.com\/cs\/wp-json\/wp\/v2\/media?parent=1957"}],"curies":[{"name":"wp","href":"https:\/\/api.w.org\/{rel}","templated":true}]}}