{"id":2721,"date":"2025-09-18T11:56:45","date_gmt":"2025-09-18T11:56:45","guid":{"rendered":"https:\/\/www.sweethome3d.com\/%d0%bf%d1%80%d0%b5%d0%b2%d0%be%d0%b4%d0%b8\/"},"modified":"2025-12-16T10:03:05","modified_gmt":"2025-12-16T10:03:05","slug":"%d0%bf%d1%80%d0%b5%d0%b2%d0%be%d0%b4%d0%b8","status":"publish","type":"page","link":"https:\/\/www.sweethome3d.com\/bg\/%d0%bf%d1%80%d0%b5%d0%b2%d0%be%d0%b4%d0%b8\/","title":{"rendered":"\u041f\u0440\u0435\u0432\u043e\u0434\u0438"},"content":{"rendered":"\n<h2 class=\"wp-block-heading\">Sweet home 3D \u0435 \u043d\u0430\u043b\u0438\u0447\u0435\u043d \u043d\u0430 29 \u0440\u0430\u0437\u043b\u0438\u0447\u043d\u0438 \u0435\u0437\u0438\u043a\u0430.<\/h2>\n\n<h3 class=\"wp-block-heading\">\u041f\u0440\u0435\u0432\u043e\u0434\u0438 \u0432\u043a\u043b\u044e\u0447\u0435\u043d\u0438 \u0432 Sweet home 3D<\/h3>\n\n<p>\u0421\u043b\u0435\u0434\u043d\u0438\u0442\u0435 \u043f\u0440\u0435\u0432\u043e\u0434\u0438 \u0441\u0430 \u0434\u0438\u0440\u0435\u043a\u0442\u043d\u043e \u0432\u043a\u043b\u044e\u0447\u0435\u043d\u0438 \u0432 <a href=\"https:\/\/www.sweethome3d.com\/bg\/%d1%81%d0%b2%d0%b0%d0%bb%d1%8f%d0%bd%d0%b5\/\" data-type=\"page\" data-id=\"396\">Sweet Home 3D<\/a> \u043a\u043e\u0433\u0430\u0442\u043e \u0433\u043e <a href=\"https:\/\/www.sweethome3d.com\/bg\/%d1%87%d0%b7%d0%b2\/\" data-type=\"page\" data-id=\"422\">\u0438\u043d\u0441\u0442\u0430\u043b\u0438\u0440\u0430\u0448<\/a>, \u0438 \u0441\u0435 \u043f\u043e\u0434\u0434\u044a\u0440\u0436\u0430\u0442 \u0430\u043a\u0442\u0443\u0430\u043b\u043d\u0438 \u043a\u043e\u0433\u0430\u0442\u043e \u043d\u043e\u0432\u0438 \u0444\u0443\u043d\u043a\u0446\u0438\u0438 \u0441\u0435 \u0434\u043e\u0431\u0430\u0432\u044f\u0442 \u043a\u044a\u043c \u043f\u0440\u0438\u043b\u043e\u0436\u0435\u043d\u0438\u0435\u0442\u043e.<\/p>\n\n<figure class=\"wp-block-flexible-table-block-table is-content-justification-center\"><table class=\"has-fixed-layout\" style=\"width:100%;max-width:1600px\"><thead><tr><th style=\"text-align:center;width:25%\">\u0415\u0437\u0438\u043a<\/th><th style=\"text-align:center\">\u0412\u0435\u0440\u0441\u0438\u044f \u043d\u0430 \u043f\u043e\u0442\u0440\u0435\u0431\u0438\u0442\u0435\u043b\u0441\u043a\u0438\u044f \u0438\u043d\u0442\u0435\u0440\u0444\u0435\u0439\u0441<\/th><th style=\"text-align:center\">\u0412\u0435\u0440\u0441\u0438\u044f \u043d\u0430 \u043f\u043e\u043c\u043e\u0449\u0442\u0430<\/th><th style=\"width:50%;text-align:center\">\u041f\u0440\u0435\u0432\u043e\u0434\u0430\u0447\u0438<\/th><\/tr><\/thead><tbody><tr><td class=\"[&amp;&gt;\">img]:-mb-1&#8243; &gt;?? <a href=\"\/\" data-type=\"page\" data-id=\"286\">\u0410\u043d\u0433\u043b\u0438\u0439\u0441\u043a\u0438<\/a><\/td><td style=\"text-align:center\">\n          <a href=\"https:\/\/www.sweethome3d.com\/bg\/%d1%81%d0%b2%d0%b0%d0%bb%d1%8f%d0%bd%d0%b5\/\" data-type=\"page\" data-id=\"396\">7.5<\/a>\n        <\/td><td style=\"text-align:center\">7.5<\/td><td>Emmanuel Puybaret, Pencilart<\/td><\/tr><tr><td class=\"[&amp;&gt;\">img]:-mb-1&#8243; &gt;?? <a href=\"\/fr\">\u0424\u0440\u0435\u043d\u0441\u043a\u0438<\/a><\/td><td style=\"text-align:center\">\n          <a href=\"https:\/\/www.sweethome3d.com\/bg\/%d1%81%d0%b2%d0%b0%d0%bb%d1%8f%d0%bd%d0%b5\/\" data-type=\"page\" data-id=\"396\">7.5<\/a>\n        <\/td><td style=\"text-align:center\">7.5<\/td><td>Emmanuel Puybaret<\/td><\/tr><tr><td class=\"[&amp;&gt;\">img]:-mb-1&#8243; &gt;?? <a href=\"\/pt\">\u041f\u043e\u0440\u0442\u0443\u0433\u0430\u043b\u0441\u043a\u0438<\/a>        <\/td><td style=\"text-align:center\">\n          <a href=\"https:\/\/www.sweethome3d.com\/bg\/%d1%81%d0%b2%d0%b0%d0%bb%d1%8f%d0%bd%d0%b5\/\" data-type=\"page\" data-id=\"396\">7.5<\/a>\n        <\/td><td style=\"text-align:center\">5.7<\/td><td>Pedro Albuquerque<\/td><\/tr><tr><td class=\"[&amp;&gt;\">img]:-mb-1&#8243; &gt;?? <a href=\"\/pt\">\u041f\u043e\u0440\u0442\u0443\u0433\u0430\u043b\u0441\u043a\u0438 (\u0411\u0440\u0430\u0437\u0438\u043b\u0438\u044f)<\/a>        <\/td><td style=\"text-align:center\">\n          <a href=\"https:\/\/www.sweethome3d.com\/bg\/%d1%81%d0%b2%d0%b0%d0%bb%d1%8f%d0%bd%d0%b5\/\" data-type=\"page\" data-id=\"396\">7.5<\/a>\n        <\/td><td style=\"text-align:center\">~4.6<\/td><td>\n Roberto Rocha, Lucas Klink, Lucas Germano, Carlos Segura, Adolfino\n Neto\n        <\/td> <\/tr><tr><td class=\"[&amp;&gt;\">img]:-mb-1&#8243; &gt;?? <a href=\"\/es\">\u0418\u0441\u043f\u0430\u043d\u0441\u043a\u0438<\/a>        <\/td><td style=\"text-align:center\">\n          <a href=\"https:\/\/www.sweethome3d.com\/bg\/%d1%81%d0%b2%d0%b0%d0%bb%d1%8f%d0%bd%d0%b5\/\" data-type=\"page\" data-id=\"396\">7.5<\/a>\n        <\/td><td style=\"text-align:center\">4.6<\/td><td>Pablo Mayordomo, Paco, Carlos Folch<\/td><\/tr><tr><td class=\"[&amp;&gt;\">img]:-mb-1&#8243; &gt;?? <a href=\"\/it\">\u0418\u0442\u0430\u043b\u0438\u0430\u043d\u0441\u043a\u0438<\/a>  <\/td><td style=\"text-align:center\">\n          <a href=\"https:\/\/www.sweethome3d.com\/bg\/%d1%81%d0%b2%d0%b0%d0%bb%d1%8f%d0%bd%d0%b5\/\" data-type=\"page\" data-id=\"396\">7.5<\/a>\n        <\/td><td style=\"text-align:center\">~7.1<\/td><td>\n Simone Bufalino, Rosella Mariotti, Psycheye, ConsiEdilizia, Alberto\n Della Salandra, Antonio Guadagnino, Antonio Latronico, Adelina\n Doncheva, Vincenzo Reale\n        <\/td> <\/tr><tr><td class=\"[&amp;&gt;\">img]:-mb-1&#8243; &gt;??<a href=\"\/de\">\u041d\u0435\u043c\u0441\u043a\u0438<\/a>   <\/td><td style=\"text-align:center\">\n          <a href=\"https:\/\/www.sweethome3d.com\/bg\/%d1%81%d0%b2%d0%b0%d0%bb%d1%8f%d0%bd%d0%b5\/\" data-type=\"page\" data-id=\"396\">7.5<\/a>\n        <\/td><td style=\"text-align:center\">7.5<\/td><td>\n Sebastian Breuer, Thomas Zimmermann, Andreas Kirsch, Florian Haag,\n Luzia Taschler, Pascal Eberhard, Waldemar Hersacher\n        <\/td> <\/tr><tr><td class=\"[&amp;&gt;\">img]:-mb-1&#8243; &gt; ?? <a href=\"\/nl\">\u0425\u043e\u043b\u0430\u043d\u0434\u0441\u043a\u0438<\/a> <\/td><td style=\"text-align:center\">\n          <a href=\"https:\/\/www.sweethome3d.com\/bg\/%d1%81%d0%b2%d0%b0%d0%bb%d1%8f%d0%bd%d0%b5\/\" data-type=\"page\" data-id=\"396\">7.5<\/a>\n        <\/td><td style=\"text-align:center\">4.6<\/td><td>Gerwin Harmsen, Rob van den Berg, FDpaffie<\/td><\/tr><tr><td class=\"[&amp;&gt;\">img]:-mb-1&#8243; &gt;?? <a href=\"\/sv\">\u0428\u0432\u0435\u0434\u0441\u043a\u0438<\/a>        <\/td><td style=\"text-align:center\">\n          <a href=\"https:\/\/www.sweethome3d.com\/bg\/%d1%81%d0%b2%d0%b0%d0%bb%d1%8f%d0%bd%d0%b5\/\" data-type=\"page\" data-id=\"396\">7.5<\/a>\n        <\/td><td style=\"text-align:center\">5.7<\/td><td>Martin Karlsson<\/td><\/tr><tr> <td class=\"[&amp;&gt;\">img]:-mb-1&#8243; &gt; ?? <a href=\"\/cs\">\u0427\u0435\u0448\u043a\u0438<\/a><\/td><td style=\"text-align:center\">\n          <a href=\"https:\/\/www.sweethome3d.com\/bg\/%d1%81%d0%b2%d0%b0%d0%bb%d1%8f%d0%bd%d0%b5\/\" data-type=\"page\" data-id=\"396\">7.5<\/a>\n        <\/td><td style=\"text-align:center\">1.2<\/td><td>\u0160tefan Nov\u00e1k, Roman Pol\u00e1\u0161ek, Ondrej Dolejsi, Pavel Barbo\u0159\u00edk<\/td><\/tr><tr><td class=\"[&amp;&gt;\">img]:-mb-1&#8243; &gt;?? <a href=\"\/pl\">\u041f\u043e\u043b\u0441\u043a\u0438<\/a><\/td><td style=\"text-align:center\">\n          <a href=\"https:\/\/www.sweethome3d.com\/bg\/%d1%81%d0%b2%d0%b0%d0%bb%d1%8f%d0%bd%d0%b5\/\" data-type=\"page\" data-id=\"396\">7.5<\/a>\n        <\/td><td style=\"text-align:center\">1.2<\/td><td>\n Szymon \u017byci\u0144ski, Paw\u0142a Antkowiaka, Pawel &#8222;Bizkit&#8220; Popanda, Szymon\n Chojnacki, ghr424, Mi\u0142osz Sieradzki\n        <\/td> <\/tr><tr><td class=\"[&amp;&gt;\">img]:-mb-1&#8243; &gt;<em>??<\/em> <a href=\"\/bg\">\u0423\u043d\u0433\u0430\u0440\u0441\u043a\u0438<\/a>       <\/td><td style=\"text-align:center\">\n          <a href=\"https:\/\/www.sweethome3d.com\/bg\/%d1%81%d0%b2%d0%b0%d0%bb%d1%8f%d0%bd%d0%b5\/\" data-type=\"page\" data-id=\"396\">7.5<\/a>\n        <\/td><td style=\"text-align:center\">4.6<\/td><td>Viktor Mikl\u00f3si, Szita Bal\u00e1zs<\/td><\/tr><tr><td class=\"[&amp;&gt;\">img]:-mb-1&#8243; &gt;<em>??<\/em> <a href=\"\/el\">\u0413\u0440\u044a\u0446\u043a\u0438<\/a><\/td><td style=\"text-align:center\">\n          <a href=\"https:\/\/www.sweethome3d.com\/bg\/%d1%81%d0%b2%d0%b0%d0%bb%d1%8f%d0%bd%d0%b5\/\" data-type=\"page\" data-id=\"396\">7.5<\/a>\n        <\/td><td style=\"text-align:center\">1.8<\/td><td>\u0388\u03bb\u03bb\u03b7 \u039d\u03b9\u03ba\u03bf\u03bb\u03ac\u03bf\u03c5, \u0397\u03bb\u03af\u03b1 \u03a4\u03c3\u03b9\u03ac\u03bd\u03c4\u03b1<\/td><\/tr><tr><td class=\"[&amp;&gt;\">img]:-mb-1&#8243; &gt;?? <a href=\"\/hu\">\u0411\u044a\u043b\u0433\u0430\u0440\u0441\u043a\u0438<\/a><\/td><td style=\"text-align:center\">\n          <a href=\"https:\/\/www.sweethome3d.com\/bg\/%d1%81%d0%b2%d0%b0%d0%bb%d1%8f%d0%bd%d0%b5\/\" data-type=\"page\" data-id=\"396\">7.5<\/a>\n        <\/td><td style=\"text-align:center\">4.6<\/td><td>\u0412\u0430\u043b\u0435\u043d\u0442\u0438\u043d \u041b\u0430\u0441\u043a\u043e\u0432<\/td><\/tr><tr><td class=\"[&amp;&gt;\">img]:-mb-1&#8243; &gt;?? <a href=\"\/ru\">\u0420\u0443\u0441\u043a\u0438<\/a><\/td><td style=\"text-align:center\">\n          <a href=\"https:\/\/www.sweethome3d.com\/bg\/%d1%81%d0%b2%d0%b0%d0%bb%d1%8f%d0%bd%d0%b5\/\" data-type=\"page\" data-id=\"396\">7.5<\/a>\n        <\/td><td style=\"text-align:center\">4.6<\/td><td>\n \u0411\u0430\u0441\u0438\u043c\u043e\u0432 \u0418\u043b\u044c\u0433\u0438\u0437, \u0412\u0430\u043b\u0435\u043d\u0442\u0438\u043d \u041a\u0430\u0437\u0438\u043c\u0438\u0440\u043e\u0432, \u041e\u043b\u044c\u0433\u0435, \u042e\u0440\u0438\u044f \u0421\u043c\u0438\u0440\u043d\u043e\u0432\u0430, \u0410\u043d\u0434\u0440\u0435\u0439\n \u041f\u0440\u0438\u0449\u0435\u043d\u043a\u043e, \u041a\u0443\u043d\u0430\u043a\u043e\u0432 \u0410\u043d\u0442\u043e\u043d \u042e\u0440\u044c\u0435\u0432\u0438\u0447, \u0410\u043d\u0434\u0440\u0435\u0439 \u0421\u0443\u0440\u0436\u0438\u043a\u043e\u0432, \u041d\u0438\u043a\u043e\u043b\u0430\u0439 \u041b\u043e\u043c\u0430\u0441\u043e\u0432,\n \u0414\u0430\u043d\u0438\u043b \u041e\u0441\u0438\u043f\u043e\u0432\n        <\/td> <\/tr><tr><td class=\"[&amp;&gt;\">img]:-mb-1&#8243; &gt;?? <a href=\"\/vi\">\u0412\u0438\u0435\u0442\u043d\u0430\u043c\u0441\u043a\u0438<\/a><\/td><td style=\"text-align:center\">\n          <a href=\"https:\/\/www.sweethome3d.com\/bg\/%d1%81%d0%b2%d0%b0%d0%bb%d1%8f%d0%bd%d0%b5\/\" data-type=\"page\" data-id=\"396\">7.5<\/a>\n        <\/td><td style=\"text-align:center\">&#8211;<\/td><td>Tu\u1ea5n Ph\u00f9ng<\/td><\/tr><tr><td class=\"[&amp;&gt;\">img]:-mb-1&#8243; &gt;?? <a href=\"https:\/\/www.sweethome3d.com\/zh-cn\">\u041a\u0438\u0442\u0430\u0439\u0441\u043a\u0438 (\u041a\u0438\u0442\u0430\u0439)<\/a><\/td><td style=\"text-align:center\">\n          <a href=\"https:\/\/www.sweethome3d.com\/bg\/%d1%81%d0%b2%d0%b0%d0%bb%d1%8f%d0%bd%d0%b5\/\" data-type=\"page\" data-id=\"396\">7.5<\/a>\n        <\/td><td style=\"text-align:center\">5.7<\/td><td>\u8d75\u65af\u806a, \u65b9\u5219\u8605, \u674e\u65b0\u5ee0, YGYL<\/td><\/tr><tr><td class=\"[&amp;&gt;\">img]:-mb-1&#8243; &gt;?? <a href=\"https:\/\/www.sweethome3d.com\/zh-tw\">\u041a\u0438\u0442\u0430\u0439\u0441\u043a\u0438 (\u0422\u0430\u0439\u0432\u0430\u043d)<\/a><\/td><td style=\"text-align:center\">\n          <a href=\"https:\/\/www.sweethome3d.com\/bg\/%d1%81%d0%b2%d0%b0%d0%bb%d1%8f%d0%bd%d0%b5\/\" data-type=\"page\" data-id=\"396\">7.5<\/a>\n        <\/td><td style=\"text-align:center\">5.7<\/td><td>\u674e\u65b0\u5ee0, YGYL<\/td><\/tr><tr><td class=\"[&amp;&gt;\">img]:-mb-1&#8243; &gt;?? <a href=\"\/ja\">\u042f\u043f\u043e\u043d\u0441\u043a\u0438<\/a><\/td><td style=\"text-align:center\">\n          <a href=\"https:\/\/www.sweethome3d.com\/bg\/%d1%81%d0%b2%d0%b0%d0%bb%d1%8f%d0%bd%d0%b5\/\" data-type=\"page\" data-id=\"396\">7.5<\/a>\n        <\/td><td style=\"text-align:center\">~5.7<\/td><td>Takahiro Sato, Uiko, Vy, Miyoko, Chiyoko Miklasevich<\/td><\/tr><\/tbody><\/table><\/figure>\n\n<p>\u0410\u043a\u043e \u043f\u043e\u0442\u0440\u0435\u0431\u0438\u0442\u0435\u043b\u0441\u043a\u0438\u044f\u0442 \u0438\u043d\u0442\u0435\u0440\u0444\u0435\u0439\u0441 \u043d\u0430 <a href=\"https:\/\/www.sweethome3d.com\/bg\/%d1%81%d0%b2%d0%b0%d0%bb%d1%8f%d0%bd%d0%b5\/\" data-type=\"page\" data-id=\"396\">Sweet Home 3D<\/a> \u043d\u0435 \u0441\u0435 \u043f\u043e\u043a\u0430\u0437\u0432\u0430 \u043d\u0430 \u043e\u0447\u0430\u043a\u0432\u0430\u043d\u0438\u044f \u043e\u0442 \u0442\u0435\u0431 \u0435\u0437\u0438\u043a, \u0438\u0437\u0431\u0435\u0440\u0438 \u043f\u0440\u0435\u0434\u043f\u043e\u0447\u0438\u0442\u0430\u043d\u0438\u044f \u0435\u0437\u0438\u043a \u043e\u0442 \u043f\u0430\u0434\u0430\u0449\u0438\u044f \u0441\u043f\u0438\u0441\u044a\u043a \u0441 \u0435\u0437\u0438\u0446\u0438 \u0432 \u043f\u0430\u043d\u0435\u043b\u0430 \u0441 \u043d\u0430\u0441\u0442\u0440\u043e\u0439\u043a\u0438. \u0412 Mac OS X, \u0442\u043e\u0437\u0438 \u043f\u0430\u043d\u0435\u043b \u0441\u0435 \u043f\u043e\u043a\u0430\u0437\u0432\u0430 \u043a\u0430\u0442\u043e \u0438\u0437\u0431\u0435\u0440\u0435\u0448 Preferences \u043e\u0442 \u043c\u0435\u043d\u044e\u0442\u043e <a href=\"https:\/\/www.sweethome3d.com\/bg\/\">Sweet Home 3D<\/a>. \u0412 \u0434\u0440\u0443\u0433\u0438 \u0441\u0438\u0441\u0442\u0435\u043c\u0438, \u0441\u0435 \u043f\u043e\u043a\u0430\u0437\u0432\u0430 \u043a\u0430\u0442\u043e \u0438\u0437\u0431\u0435\u0440\u0435\u0448 Preferences \u043e\u0442 \u043c\u0435\u043d\u044e\u0442\u043e File.  <\/p>\n\n<h3 class=\"wp-block-heading\">\u0414\u0440\u0443\u0433\u0438 \u043f\u0440\u0435\u0432\u043e\u0434\u0438 \u043f\u043e\u0434\u0434\u044a\u0440\u0436\u0430\u043d\u0438 \u043e\u0442 <a href=\"https:\/\/www.sweethome3d.com\/bg\/%d1%81%d0%b2%d0%b0%d0%bb%d1%8f%d0%bd%d0%b5\/\" data-type=\"page\" data-id=\"396\">Sweet home 3D<\/a><\/h3>\n\n<p>\u0412\u0441\u0435\u043a\u0438 \u043e\u0442 \u0441\u043b\u0435\u0434\u043d\u0438\u0442\u0435 \u043f\u0440\u0435\u0432\u043e\u0434\u0438 \u0435 \u043d\u0430\u043b\u0438\u0447\u0435\u043d \u0441\u043b\u0435\u0434 \u043a\u0430\u0442\u043e \u0438\u043d\u0441\u0442\u0430\u043b\u0438\u0440\u0430\u0448 \u0441\u044a\u043e\u0442\u0432\u0435\u0442\u043d\u0438\u044f SH3L \u0444\u0430\u0439\u043b. \u0417\u0430 \u0434\u0430 \u0438\u043d\u0441\u0442\u0430\u043b\u0438\u0440\u0430\u0448 SH3L \u0444\u0430\u0439\u043b\u0430 \u0437\u0430 \u0442\u0432\u043e\u044f \u0435\u0437\u0438\u043a, \u043a\u043b\u0438\u043a\u043d\u0438 \u0432\u044a\u0440\u0445\u0443 \u0441\u044a\u043e\u0442\u0432\u0435\u0442\u043d\u0430\u0442\u0430 \u0432\u0440\u044a\u0437\u043a\u0430 \u0432 \u0442\u0430\u0431\u043b\u0438\u0446\u0430\u0442\u0430 \u043f\u043e-\u0434\u043e\u043b\u0443 \u0437\u0430 \u0434\u0430 \u0433\u043e \u0438\u0437\u0442\u0435\u0433\u043b\u0438\u0448 \u043d\u0430 \u043a\u043e\u043c\u043f\u044e\u0442\u044a\u0440\u0430 \u0441\u0438, \u0441\u043b\u0435\u0434 \u0442\u043e\u0432\u0430 \u043a\u043b\u0438\u043a\u043d\u0438 \u0434\u0432\u0430 \u043f\u044a\u0442\u0438 \u0432\u044a\u0440\u0445\u0443 \u0438\u0437\u0442\u0435\u0433\u043b\u0435\u043d\u0438\u044f \u0444\u0430\u0439\u043b \u0438\u043b\u0438 \u0433\u043e \u0438\u0437\u0431\u0435\u0440\u0438 \u0441 \u0431\u0443\u0442\u043e\u043d\u0430 <em>Import language library file<\/em> <img decoding=\"async\" width=\"35\" height=\"23\" class=\"wp-image-1487 lazyload\" style=\"--smush-placeholder-width: 35px; --smush-placeholder-aspect-ratio: 35\/23;width: 35px\" data-src=\"https:\/\/www.sweethome3d.com\/wp-content\/uploads\/2025\/11\/importLanguageLibraryFile-1.png\" alt=\"\" src=\"data:image\/svg+xml;base64,PHN2ZyB3aWR0aD0iMSIgaGVpZ2h0PSIxIiB4bWxucz0iaHR0cDovL3d3dy53My5vcmcvMjAwMC9zdmciPjwvc3ZnPg==\" \/> \u043f\u043e\u043a\u0430\u0437\u0430\u043d \u0432 \u0433\u043e\u0440\u043d\u0430\u0442\u0430 \u0447\u0430\u0441\u0442 \u043d\u0430 <a href=\"https:\/\/www.sweethome3d.com\/bg\/%d1%80%d1%8a%d0%ba%d0%be%d0%b2%d0%be%d0%b4%d1%81%d1%82%d0%b2%d0%be-%d0%b7%d0%b0-%d0%bf%d0%be%d1%82%d1%80%d0%b5%d0%b1%d0%b8%d1%82%d0%b5%d0%bb%d1%8f-%d0%bd%d0%b0-sweet-home-3d\/#starting-a-new-home\" data-type=\"page\" data-id=\"424\"><em>\u043f\u0430\u043d\u0435\u043b\u0430 \u0441 \u043d\u0430\u0441\u0442\u0440\u043e\u0439\u043a\u0438<\/em><\/a>. <\/p>\n\n<figure class=\"wp-block-flexible-table-block-table is-content-justification-center\"><table class=\"\" style=\"width:100%\"><thead><tr><th style=\"text-align:center;width:20%\">\u0415\u0437\u0438\u043a<\/th><th style=\"text-align:center\">\u0412\u0435\u0440\u0441\u0438\u044f \u043d\u0430 \u043f\u043e\u0442\u0440\u0435\u0431\u0438\u0442\u0435\u043b\u0441\u043a\u0438\u044f \u0438\u043d\u0442\u0435\u0440\u0444\u0435\u0439\u0441<\/th><th style=\"text-align:center\">\u0412\u0435\u0440\u0441\u0438\u044f \u043d\u0430 \u043f\u043e\u043c\u043e\u0449\u0442\u0430<\/th><th style=\"text-align:center;width:40%\">\u041f\u0440\u0435\u0432\u043e\u0434\u0430\u0447\u0438<\/th><\/tr><\/thead><tbody><tr><td class=\"[&amp;&gt;\">img]:-mb-1&#8243; &gt;?????? <a href=\"\/storage\/translations\/Basque-7.5.sh3l\">\u0411\u0430\u0441\u043a\u0438<\/a><\/td><td style=\"text-align:center\"><a href=\"https:\/\/www.sweethome3d.com\/bg\/%d1%81%d0%b2%d0%b0%d0%bb%d1%8f%d0%bd%d0%b5\/\" data-type=\"page\" data-id=\"396\">7.5<\/a><\/td><td style=\"text-align:center\">&#8211;<\/td><td>Alexander Gabilondo<\/td><\/tr><tr><td class=\"[&amp;&gt;\">img]:-mb-1&#8243; &gt;?? <a href=\"\/storage\/translations\/Slovenian-5.7.1.sh3l\">\u0421\u043b\u043e\u0432\u0435\u043d\u0441\u043a\u0438<\/a><\/td><td style=\"text-align:center\"><a href=\"https:\/\/www.sweethome3d.com\/bg\/%d1%81%d0%b2%d0%b0%d0%bb%d1%8f%d0%bd%d0%b5\/\" data-type=\"page\" data-id=\"396\">5.7<\/a><\/td><td style=\"text-align:center\">4.6<\/td><td>Samo Mole<\/td><\/tr><tr><td class=\"[&amp;&gt;\">img]:-mb-1&#8243; &gt;?? <a href=\"\/storage\/translations\/Finnish-7.5.sh3l\">\u0424\u0438\u043d\u043b\u0430\u043d\u0434\u0441\u043a\u0438<\/a><\/td><td style=\"text-align:center\"><a href=\"https:\/\/www.sweethome3d.com\/bg\/%d1%81%d0%b2%d0%b0%d0%bb%d1%8f%d0%bd%d0%b5\/\" data-type=\"page\" data-id=\"396\">7.5<\/a><\/td><td style=\"text-align:center\">4.3<\/td><td>Jukka Hyyti\u00e4l\u00e4, Seppo Voutilainen<\/td><\/tr><tr><td class=\"[&amp;&gt;\">img]:-mb-1&#8243; &gt;?? <a href=\"\/storage\/translations\/Serbian-4.3.1.sh3l\" data-type=\"link\" data-id=\"https:\/\/www.sweethome3d.com\/translations\/Serbian-4.3.1.sh3l\">\u0421\u0440\u044a\u0431\u0441\u043a\u0438<\/a><\/td><td style=\"text-align:center\"><a href=\"https:\/\/www.sweethome3d.com\/bg\/%d1%81%d0%b2%d0%b0%d0%bb%d1%8f%d0%bd%d0%b5\/\" data-type=\"page\" data-id=\"396\">4.3<\/a><\/td><td style=\"text-align:center\">3.4<\/td><td>\u0418\u0432\u0430\u043d \u0421\u0442\u0430\u0440\u0447\u0435\u0432\u0438\u045b, \u0421\u043d\u0435\u0436\u0430\u043d\u0430 \u041b\u0443\u043a\u0438\u045b<\/td><\/tr><tr><td class=\"[&amp;&gt;\">img]:-mb-1&#8243; &gt;?? <a href=\"\/storage\/translations\/Ukrainian-5.7.1.sh3l\" data-type=\"link\" data-id=\"https:\/\/www.sweethome3d.com\/translations\/Ukrainian-5.7.1.sh3l\">\u0423\u043a\u0440\u0430\u0438\u043d\u0441\u043a\u0438<\/a><\/td><td style=\"text-align:center\"><a href=\"https:\/\/www.sweethome3d.com\/bg\/%d1%81%d0%b2%d0%b0%d0%bb%d1%8f%d0%bd%d0%b5\/\" data-type=\"page\" data-id=\"396\">5.7<\/a><\/td><td style=\"text-align:center\">5.0<\/td><td>\u041e\u043b\u0435\u043a\u0441\u0430\u043d\u0434\u0440 \u041f\u0438\u043b\u0438\u043f\u0447\u0443\u043a<\/td><\/tr><tr><td class=\"[&amp;&gt;\">img]:-mb-1&#8243; &gt;?? <a href=\"\/storage\/translations\/Turkish-7.5.sh3l\" data-type=\"link\" data-id=\"https:\/\/www.sweethome3d.com\/translations\/Turkish-7.5.sh3l\">\u0422\u0443\u0440\u0441\u043a\u0438<\/a><\/td><td style=\"text-align:center\"><a href=\"https:\/\/www.sweethome3d.com\/bg\/%d1%81%d0%b2%d0%b0%d0%bb%d1%8f%d0%bd%d0%b5\/\" data-type=\"page\" data-id=\"396\">7.5<\/a><\/td><td style=\"text-align:center\">&#8211;<\/td><td>M\u00fccahit Baydar<\/td><\/tr><tr><td class=\"[&amp;&gt;\">img]:-mb-1&#8243; &gt;?? <a href=\"\/storage\/translations\/Arabic-7.1.1.sh3l\">\u0410\u0440\u0430\u0431\u0441\u043a\u0438<\/a><\/td><td style=\"text-align:center\"><a href=\"https:\/\/www.sweethome3d.com\/bg\/%d1%81%d0%b2%d0%b0%d0%bb%d1%8f%d0%bd%d0%b5\/\" data-type=\"page\" data-id=\"396\">7.1<\/a><\/td><td style=\"text-align:center\">&#8211;<\/td><td>MFM Dawdeh<\/td><\/tr><tr><td class=\"[&amp;&gt;\">img]:-mb-1&#8243; &gt;?? <a href=\"\/storage\/translations\/Indonesian-7.1.1.sh3l\" data-type=\"link\" data-id=\"https:\/\/www.sweethome3d.com\/translations\/Indonesian-7.1.1.sh3l\">\u0418\u043d\u0434\u043e\u043d\u0435\u0437\u0438\u0439\u0441\u043a\u0438<\/a><\/td><td style=\"text-align:center\"><a href=\"https:\/\/www.sweethome3d.com\/bg\/%d1%81%d0%b2%d0%b0%d0%bb%d1%8f%d0%bd%d0%b5\/\" data-type=\"page\" data-id=\"396\">7.1<\/a><\/td><td style=\"text-align:center\">&#8211;<\/td><td>Al Firdhaus<\/td><\/tr><tr><td class=\"[&amp;&gt;\">img]:-mb-1&#8243; &gt;?? <a href=\"\/storage\/translations\/Thai-7.5.sh3l\" data-type=\"link\" data-id=\"https:\/\/www.sweethome3d.com\/translations\/Thai-7.5.sh3l\">\u0422\u0430\u0439\u043b\u0430\u043d\u0434\u0441\u043a\u0438<\/a><\/td><td style=\"text-align:center\"><a href=\"https:\/\/www.sweethome3d.com\/bg\/%d1%81%d0%b2%d0%b0%d0%bb%d1%8f%d0%bd%d0%b5\/\" data-type=\"page\" data-id=\"396\">7.5<\/a><\/td><td style=\"text-align:center\">&#8211;<\/td><td>\u0e01\u0e31\u0e19\u0e22\u0e4c\u0e0a\u0e31\u0e0a\u0e0a\u0e31\u0e22 \u0e42\u0e1e\u0e18\u0e34\u0e2b\u0e25\u0e49\u0e32<\/td><\/tr><tr><td class=\"[&amp;&gt;\">img]:-mb-1&#8243; &gt;?? <a href=\"\/storage\/translations\/Korean-7.5.sh3l\" data-type=\"link\" data-id=\"https:\/\/www.sweethome3d.com\/translations\/Korean-7.5.sh3l\">\u041a\u043e\u0440\u0435\u0439\u0441\u043a\u0438<\/a><\/td><td style=\"text-align:center\"><a href=\"https:\/\/www.sweethome3d.com\/bg\/%d1%81%d0%b2%d0%b0%d0%bb%d1%8f%d0%bd%d0%b5\/\" data-type=\"page\" data-id=\"396\">7.5<\/a><\/td><td style=\"text-align:center\">~5.7<\/td><td>\ubc31\ud638\uc11d, \uc774\ud638\ucc2c<\/td><\/tr><\/tbody><\/table><\/figure>\n\n<p>\u0411\u0435\u043b\u0435\u0436\u043a\u0430 \u043a\u044a\u043c \u043f\u0440\u0435\u0432\u043e\u0434\u0430\u0447\u0438\u0442\u0435: \u0430\u043a\u043e \u0438\u0441\u043a\u0430\u0448 \u0434\u0430 \u043f\u0440\u0435\u0432\u0435\u0434\u0435\u0448 <a href=\"https:\/\/www.sweethome3d.com\/bg\/%d1%81%d0%b2%d0%b0%d0%bb%d1%8f%d0%bd%d0%b5\/\" data-type=\"page\" data-id=\"396\">Sweet Home 3D<\/a> \u043d\u0430 \u0442\u0432\u043e\u044f \u0435\u0437\u0438\u043a, \u043c\u043e\u043b\u044f \u043f\u0440\u043e\u0447\u0435\u0442\u0438 <a href=\"https:\/\/www.sweethome3d.com\/bg\/%d1%80%d1%8a%d0%ba%d0%be%d0%b2%d0%be%d0%b4%d1%81%d1%82%d0%b2%d0%be-%d0%b7%d0%b0-%d0%bf%d1%80%d0%b5%d0%b2%d0%be%d0%b4\/\" data-type=\"page\" data-id=\"5142\">\u0440\u044a\u043a\u043e\u0432\u043e\u0434\u0441\u0442\u0432\u043e\u0442\u043e \u0437\u0430 \u043f\u0440\u0435\u0432\u043e\u0434<\/a>.<\/p>\n","protected":false},"excerpt":{"rendered":"<p>Sweet home 3D \u0435 \u043d\u0430\u043b\u0438\u0447\u0435\u043d \u043d\u0430 29 \u0440\u0430\u0437\u043b\u0438\u0447\u043d\u0438 \u0435\u0437\u0438\u043a\u0430. \u041f\u0440\u0435\u0432\u043e\u0434\u0438 \u0432\u043a\u043b\u044e\u0447\u0435\u043d\u0438 \u0432 Sweet home 3D \u0421\u043b\u0435\u0434\u043d\u0438\u0442\u0435 \u043f\u0440\u0435\u0432\u043e\u0434\u0438 \u0441\u0430 \u0434\u0438\u0440\u0435\u043a\u0442\u043d\u043e \u0432\u043a\u043b\u044e\u0447\u0435\u043d\u0438 \u0432 Sweet Home 3D \u043a\u043e\u0433\u0430\u0442\u043e \u0433\u043e \u0438\u043d\u0441\u0442\u0430\u043b\u0438\u0440\u0430\u0448, \u0438 \u0441\u0435 \u043f\u043e\u0434\u0434\u044a\u0440\u0436\u0430\u0442 \u0430\u043a\u0442\u0443\u0430\u043b\u043d\u0438 \u043a\u043e\u0433\u0430\u0442\u043e \u043d\u043e\u0432\u0438 \u0444\u0443\u043d\u043a\u0446\u0438\u0438 \u0441\u0435 \u0434\u043e\u0431\u0430\u0432\u044f\u0442 \u043a\u044a\u043c \u043f\u0440\u0438\u043b\u043e\u0436\u0435\u043d\u0438\u0435\u0442\u043e. \u0410\u043a\u043e \u043f\u043e\u0442\u0440\u0435\u0431\u0438\u0442\u0435\u043b\u0441\u043a\u0438\u044f\u0442 \u0438\u043d\u0442\u0435\u0440\u0444\u0435\u0439\u0441 \u043d\u0430 Sweet Home 3D \u043d\u0435 \u0441\u0435 \u043f\u043e\u043a\u0430\u0437\u0432\u0430 \u043d\u0430 \u043e\u0447\u0430\u043a\u0432\u0430\u043d\u0438\u044f \u043e\u0442 \u0442\u0435\u0431 \u0435\u0437\u0438\u043a, \u0438\u0437\u0431\u0435\u0440\u0438 \u043f\u0440\u0435\u0434\u043f\u043e\u0447\u0438\u0442\u0430\u043d\u0438\u044f<a href=\"https:\/\/www.sweethome3d.com\/bg\/%d0%bf%d1%80%d0%b5%d0%b2%d0%be%d0%b4%d0%b8\/\">Continue reading <span class=\"sr-only\">&#8222;\u041f\u0440\u0435\u0432\u043e\u0434\u0438&#8220;<\/span><\/a><\/p>\n","protected":false},"author":4,"featured_media":2720,"parent":0,"menu_order":0,"comment_status":"closed","ping_status":"closed","template":"page-resources.php","meta":{"inline_featured_image":false,"footnotes":""},"class_list":["post-2721","page","type-page","status-publish","has-post-thumbnail","hentry"],"_links":{"self":[{"href":"https:\/\/www.sweethome3d.com\/bg\/wp-json\/wp\/v2\/pages\/2721","targetHints":{"allow":["GET"]}}],"collection":[{"href":"https:\/\/www.sweethome3d.com\/bg\/wp-json\/wp\/v2\/pages"}],"about":[{"href":"https:\/\/www.sweethome3d.com\/bg\/wp-json\/wp\/v2\/types\/page"}],"author":[{"embeddable":true,"href":"https:\/\/www.sweethome3d.com\/bg\/wp-json\/wp\/v2\/users\/4"}],"replies":[{"embeddable":true,"href":"https:\/\/www.sweethome3d.com\/bg\/wp-json\/wp\/v2\/comments?post=2721"}],"version-history":[{"count":3,"href":"https:\/\/www.sweethome3d.com\/bg\/wp-json\/wp\/v2\/pages\/2721\/revisions"}],"predecessor-version":[{"id":10399,"href":"https:\/\/www.sweethome3d.com\/bg\/wp-json\/wp\/v2\/pages\/2721\/revisions\/10399"}],"wp:featuredmedia":[{"embeddable":true,"href":"https:\/\/www.sweethome3d.com\/bg\/wp-json\/wp\/v2\/media\/2720"}],"wp:attachment":[{"href":"https:\/\/www.sweethome3d.com\/bg\/wp-json\/wp\/v2\/media?parent=2721"}],"curies":[{"name":"wp","href":"https:\/\/api.w.org\/{rel}","templated":true}]}}